{"id":85,"date":"2020-04-15T21:15:13","date_gmt":"2020-04-15T21:15:13","guid":{"rendered":"http:\/\/rmassociates.ca\/fr\/?page_id=85"},"modified":"2025-04-29T14:15:40","modified_gmt":"2025-04-29T14:15:40","slug":"nos-gens","status":"publish","type":"page","link":"https:\/\/trustmakers-training.ca\/francais\/a-notre-sujet\/nos-gens\/","title":{"rendered":"Nos gens"},"content":{"rendered":"\n<div class=\"wp-block-columns is-layout-flex wp-container-core-columns-is-layout-9d6595d7 wp-block-columns-is-layout-flex\">\n<div class=\"wp-block-column is-layout-flow wp-block-column-is-layout-flow\"><div class=\"wp-block-image\">\n<figure class=\"aligncenter size-full is-resized\"><img decoding=\"async\" width=\"196\" height=\"176\" src=\"https:\/\/trustmakers-training.ca\/francais\/wp-content\/uploads\/2024\/09\/John-McKay-AC.jpg\" alt=\"\" class=\"wp-image-3594\" style=\"width:196px;height:auto\"\/><\/figure>\n<\/div>\n\n\n<p class=\"has-text-align-center\"><strong>John McKay<\/strong><\/p>\n\n\n\n<p class=\"has-text-align-center\"><a href=\"mailto:jmckay@trustmakers.ca\">jmckay@trustmakers.ca<\/a><br>613-699-2007 poste 102<\/p>\n\n\n\n<p class=\"has-text-align-center has-small-font-size\">L\u2019associ\u00e9 fondateur John McKay a fourni des services de communications et de relations avec les m\u00e9dias aux secteurs public, priv\u00e9 et \u00e0 but non lucratif depuis plus de 30 ans. Il est un formateur respect\u00e9, conf\u00e9rencier et pr\u00e9sentateur. Il a donn\u00e9 plus d\u2019un millier de sessions formations, anim\u00e9 des r\u00e9unions et et a fait des pr\u00e9sentations devant de grandes foules et de petits groupes.<\/p>\n<\/div>\n\n\n\n<div class=\"wp-block-column is-layout-flow wp-block-column-is-layout-flow\"><div class=\"wp-block-image\">\n<figure class=\"aligncenter size-full\"><img decoding=\"async\" width=\"196\" height=\"176\" src=\"https:\/\/trustmakers-training.ca\/francais\/wp-content\/uploads\/2024\/09\/PaulGiroux-AC.jpg\" alt=\"\" class=\"wp-image-3596\"\/><\/figure>\n<\/div>\n\n\n<p class=\"has-text-align-center\"><strong>Paul Giroux<\/strong><\/p>\n\n\n\n<p class=\"has-text-align-center\"><a href=\"mailto:pgiroux@artisansdelaconfiance.ca\">pgiroux@artisansdelaconfiance.ca<\/a><br>613-699-2007 poste 106<\/p>\n\n\n\n<p class=\"has-text-align-center has-small-font-size\">Paul Giroux est r\u00e9dacteur, formateur et gestionnaire d\u2019enjeux. Il a collabor\u00e9 avec un grand nombre organismes publics et priv\u00e9s. Ses services ont \u00e9t\u00e9 retenus dans le cadre des enjeux les plus en vue. Il a d\u00e9but\u00e9 sa carri\u00e8re dans la salle des nouvelles \u00e0 Radio-Canada.<\/p>\n<\/div>\n\n\n\n<div class=\"wp-block-column is-layout-flow wp-block-column-is-layout-flow\"><div class=\"wp-block-image\">\n<figure class=\"aligncenter size-full\"><img decoding=\"async\" width=\"196\" height=\"176\" src=\"https:\/\/trustmakers-training.ca\/francais\/wp-content\/uploads\/2024\/09\/Brenda-Bookbinder-AC.jpg\" alt=\"\" class=\"wp-image-3598\"\/><\/figure>\n<\/div>\n\n\n<p class=\"has-text-align-center\"><strong>Brenda Bookbinder<\/strong><\/p>\n\n\n\n<p class=\"has-text-align-center\"><a href=\"mailto:bbookbinder@trustmakers.ca\">bbookbinder@trustmakers.ca<\/a><br>613-699-2007 poste 103<\/p>\n\n\n\n<p class=\"has-text-align-center has-small-font-size\">Brenda Bookbinder s\u2019est jointe \u00e0 l\u2019\u00e9quipe de la RMA \u00e0 Ottawa \u00e0 titre de gestionnaire. Brenda est sp\u00e9cialiste du placement m\u00e9diatique, de la publicit\u00e9, du recrutement et des communications. Ancienne vice-pr\u00e9sidente d\u2019une importante entreprise d\u2019achat m\u00e9dia \u00e0 Toronto, Brenda reste au fait des tactiques de pointe en mati\u00e8re de publicit\u00e9 et de marketing num\u00e9rique.<\/p>\n<\/div>\n\n\n\n<div class=\"wp-block-column is-layout-flow wp-block-column-is-layout-flow\"><div class=\"wp-block-image\">\n<figure class=\"aligncenter size-full\"><img loading=\"lazy\" decoding=\"async\" width=\"196\" height=\"176\" src=\"https:\/\/trustmakers-training.ca\/francais\/wp-content\/uploads\/2024\/09\/jsommerfeld-AC.png\" alt=\"\" class=\"wp-image-3595\"\/><\/figure>\n<\/div>\n\n\n<p class=\"has-text-align-center\"><strong>Julie Sommerfeld<\/strong><\/p>\n\n\n\n<p class=\"has-text-align-center\"><a href=\"mailto:jsommerfeld@trustmakers.ca\">jsommerfeld@trustmakers.ca<\/a><\/p>\n\n\n\n<p class=\"has-text-align-center has-small-font-size\">Julie Sommerfeld met \u00e0 profit ses comp\u00e9tences en montage vid\u00e9o, en animation et graphisme, en multim\u00e9dia, en diffusion en direct, en vid\u00e9oconf\u00e9rence et en apprentissage interactif en ligne. Elle contribue grandement \u00e0 la qualit\u00e9 de nos programmes de formation professionnels qui sont \u00e0 la fois engageants et amusants.<\/p>\n<\/div>\n<\/div>\n\n\n\n<div class=\"wp-block-columns is-layout-flex wp-container-core-columns-is-layout-9d6595d7 wp-block-columns-is-layout-flex\">\n<div class=\"wp-block-column is-layout-flow wp-block-column-is-layout-flow\"><div class=\"wp-block-image\">\n<figure class=\"aligncenter size-full\"><img loading=\"lazy\" decoding=\"async\" width=\"196\" height=\"176\" src=\"https:\/\/trustmakers-training.ca\/francais\/wp-content\/uploads\/2024\/09\/Rejean-Grenier-AC-1.jpg\" alt=\"\" class=\"wp-image-3597\"\/><\/figure>\n<\/div>\n\n\n<p class=\"has-text-align-center\"><strong>R\u00e9jean Grenier<\/strong><\/p>\n\n\n\n<p class=\"has-text-align-center\"><a href=\"mailto:rgrenier@artisansdelaconfiance.ca\">rgrenier@artisansdelaconfiance.ca<\/a><br>613-699-2007 poste 111<\/p>\n\n\n\n<p class=\"has-text-align-center has-small-font-size\">R\u00e9jean Grenier fut propri\u00e9taire de l\u2019hebdomadaire francophone de Sudbury, Le Voyageur. Il a \u00e9galement publi\u00e9 le seul magazine d\u2019affaires francophone d\u2019Ontario, Le Lien \u00e9conomique. Il a fait carri\u00e8re de journaliste \u00e0 la radio et \u00e0 la t\u00e9l\u00e9vision pour Radio-Canada et la CBC. R\u00e9jean a \u00e9galement donn\u00e9 des cours sur les m\u00e9dias et le gouvernement canadien \u00e0 l\u2019Universit\u00e9 Laurentienne et a \u00e9t\u00e9 porte-parole m\u00e9dias d\u2019\u00c9lections Canada.<\/p>\n<\/div>\n\n\n\n<div class=\"wp-block-column is-layout-flow wp-block-column-is-layout-flow\"><div class=\"wp-block-image\">\n<figure class=\"aligncenter size-full\"><img loading=\"lazy\" decoding=\"async\" width=\"196\" height=\"176\" src=\"https:\/\/trustmakers-training.ca\/francais\/wp-content\/uploads\/2024\/09\/GDixonF.png\" alt=\"\" class=\"wp-image-3599\"\/><\/figure>\n<\/div>\n\n\n<p class=\"has-text-align-center\"><strong>Glendalynn Dixon<\/strong><\/p>\n\n\n\n<p class=\"has-text-align-center\"><a href=\"mailto:gdixon@trustmakers.ca\">gdixon@trustmakers.ca<\/a><\/p>\n\n\n\n<p class=\"has-text-align-center has-small-font-size\">Glendalynn est formatrice et facilitatrice sp\u00e9cialis\u00e9e en gestion du changement, en consensus des intervenants et en communication. Ancienne professionnelle de l\u2019intelligence \u00e9conomique et professeure, elle a aid\u00e9 des chefs de file mondiaux du monde des affaires, des organisations en hypercroissance et des associations \u00e0 but non lucratif \u00e0 tirer parti de la communication pour naviguer avec succ\u00e8s dans des circonstances difficiles. En tant que conf\u00e9renci\u00e8re, Glendalynn int\u00e8gre l\u2019art de la narration \u00e0 la pr\u00e9cision de son exp\u00e9rience analytique pour d\u00e9couvrir des id\u00e9es pour les publics confront\u00e9s \u00e0 des transitions d\u00e9terminantes. Reconnue comme b\u00e2tisseuse communautaire et d\u00e9fenseure de l\u2019\u00e9quit\u00e9 dans le secteur de la technologie, Glendalynn a agi \u00e0 titre de mentor, de conseill\u00e8re et de pr\u00e9sidente d\u2019associations d\u2019affaires.<\/p>\n<\/div>\n\n\n\n<div class=\"wp-block-column is-layout-flow wp-block-column-is-layout-flow\"><div class=\"wp-block-image\">\n<figure class=\"aligncenter size-full\"><img loading=\"lazy\" decoding=\"async\" width=\"196\" height=\"176\" src=\"https:\/\/trustmakers-training.ca\/francais\/wp-content\/uploads\/2025\/01\/JamesHale-2025-TM.jpg\" alt=\"\" class=\"wp-image-4269\"\/><\/figure>\n<\/div>\n\n\n<p class=\"has-text-align-center\"><strong>James Hale<\/strong><\/p>\n\n\n\n<p class=\"has-text-align-center\"><a href=\"mailto:james@jameshale.ca\">james@jameshale.ca<\/a><\/p>\n\n\n\n<p class=\"has-text-align-center has-small-font-size\">James Hale communique des id\u00e9es au public \u00e0 travers des r\u00e9cits convaincants. Depuis plus de 40 ans, il fournit des conseils en communications (y compris l&rsquo;\u00e9laboration de messages cl\u00e9s et la planification strat\u00e9gique) et des services de r\u00e9daction \u00e0 l\u2019intention des cadres sup\u00e9rieurs des secteurs public et priv\u00e9.<\/p>\n\n\n\n<p class=\"has-text-align-center has-small-font-size\">Ses domaines de sp\u00e9cialisation s&rsquo;appuient sur sa vaste exp\u00e9rience en cybers\u00e9curit\u00e9 et en num\u00e9rique. Il a fourni des services de direction pour Bell Canada, Decisive Group, Commvault, Canopy Growth et bien d&rsquo;autres. Il a d\u00e9velopp\u00e9 des pages Web et mis \u00e0 jour +300 livres blancs, documents d&rsquo;information et fiches produits pour soutenir le changement de marque d&rsquo;AT&amp;T Cybersecurity en LevelBlue. Il a r\u00e9dig\u00e9 des livres blancs pour des d\u00e9veloppeurs de logiciels des secteurs pharmaceutique et laboratoire, et a d\u00e9velopp\u00e9 l\u2019image de marque pour les clients de McMillan, une agence de marque bas\u00e9e \u00e0 Ottawa. Il a \u00e9crit des livres num\u00e9riques sur la cybers\u00e9curit\u00e9 pour SC Media et a cr\u00e9\u00e9 des supports marketing pour des soci\u00e9t\u00e9s de logiciels.<\/p>\n<\/div>\n\n\n\n<div class=\"wp-block-column is-layout-flow wp-block-column-is-layout-flow\"><div class=\"wp-block-image\">\n<figure class=\"aligncenter size-full\"><img loading=\"lazy\" decoding=\"async\" width=\"196\" height=\"176\" src=\"https:\/\/trustmakers-training.ca\/francais\/wp-content\/uploads\/2025\/01\/Scott-Fotheringham.jpg\" alt=\"\" class=\"wp-image-4270\"\/><\/figure>\n<\/div>\n\n\n<p class=\"has-text-align-center\"><strong>Scott Fotheringham<\/strong><\/p>\n\n\n\n<p class=\"has-text-align-center\"><a href=\"mailto:scott@scottfotheringham.com\">scott@scottfotheringham.com<\/a><\/p>\n\n\n\n<p class=\"has-text-align-center has-small-font-size\">En tant que r\u00e9dacteur m\u00e9dical et scientifique accompli, Scott se sp\u00e9cialise dans la transformation de concepts complexes en contenu accessible et attrayant, en mettant l&rsquo;accent sur la production pharmaceutique, la d\u00e9couverte de m\u00e9dicaments, la biotechnologie et la m\u00e9decine. Il excelle dans la r\u00e9alisation d&rsquo;entretiens avec des experts de l&rsquo;industrie et la traduction de leurs id\u00e9es en r\u00e9cits convaincants pour des publics divers.<\/p>\n\n\n\n<p class=\"has-text-align-center has-small-font-size\">Son expertise en mati\u00e8re de r\u00e9daction et de cr\u00e9ation de contenu est \u00e9vidente dans chaque livre blanc, \u00e9tude de cas, article Web et publication commerciale qu&rsquo;il produit. Son approche collaborative garantit que les histoires qu&rsquo;il cr\u00e9e captent l&rsquo;attention des clients, ce qui am\u00e9liore la communication dans les secteurs de la sant\u00e9 et des sciences de la vie. Scott est titulaire d&rsquo;un B.Sc en biologie mol\u00e9culaire et en g\u00e9n\u00e9tique de l&rsquo;Universit\u00e9 de Guelph et d&rsquo;un doctorat en g\u00e9n\u00e9tique mol\u00e9culaire de l&rsquo;Universit\u00e9 Cornell.<\/p>\n<\/div>\n<\/div>\n\n\n\n<div class=\"wp-block-columns is-layout-flex wp-container-core-columns-is-layout-9d6595d7 wp-block-columns-is-layout-flex\">\n<div class=\"wp-block-column is-layout-flow wp-block-column-is-layout-flow\"><div class=\"wp-block-image\">\n<figure class=\"aligncenter size-full\"><img loading=\"lazy\" decoding=\"async\" width=\"196\" height=\"176\" src=\"https:\/\/trustmakers-training.ca\/francais\/wp-content\/uploads\/2025\/03\/Lucy-Van-Oldenbarneveld.png\" alt=\"\" class=\"wp-image-4303\"\/><\/figure>\n<\/div>\n\n\n<p class=\"has-text-align-center\"><strong>Lucy van Oldenbarneveld<\/strong><\/p>\n\n\n\n<p class=\"has-text-align-center has-small-font-size\">Lucy Van Oldenbarneveld a pass\u00e9 plus de 20 ans \u00e0 la CBC en tant qu&rsquo;animatrice de radio et pr\u00e9sentatrice de t\u00e9l\u00e9vision. Elle a \u00e9t\u00e9 chef d&rsquo;antenne de l&rsquo;\u00e9mission de nouvelles Ottawa at Six et a occup\u00e9 le poste d&rsquo;animatrice de l&rsquo;\u00e9mission de t\u00e9l\u00e9vision matinale nationale Newsworld Morning. Elle a \u00e9galement \u00e9t\u00e9 animatrice et productrice \u00e0 la radio de la CBC \u00e0 Whitehorse, au Yukon, et continue de travailler dans le Territoire sur les questions de communication et de politique. Elle a \u00e9galement fourni des services de communication au gouvernement du Nunavut. Elle a form\u00e9 des journalistes dans le monde entier et couvert la politique europ\u00e9enne pour Deutsche Welle World Service Radio au cours des deux ann\u00e9es qui ont suivi le 11 septembre.<\/p>\n<\/div>\n\n\n\n<div class=\"wp-block-column is-layout-flow wp-block-column-is-layout-flow\"><div class=\"wp-block-image\">\n<figure class=\"aligncenter size-full\"><img loading=\"lazy\" decoding=\"async\" width=\"196\" height=\"176\" src=\"https:\/\/trustmakers-training.ca\/francais\/wp-content\/uploads\/2025\/02\/AshPrasad.jpg\" alt=\"Ash Prasad\" class=\"wp-image-4276\"\/><\/figure>\n<\/div>\n\n\n<p class=\"has-text-align-center\"><strong>Ash Prasad<\/strong><br>(<a href=\"https:\/\/ventureforcanada.ca\/fr\/programmes\/programme-dintrapreneuriat\" target=\"_blank\" rel=\"noreferrer noopener\">Venture for Canada<\/a>, Hiver 2025)<\/p>\n\n\n\n<p class=\"has-text-align-center has-small-font-size\">Ash est \u00e9tudiante de 3e ann\u00e9e en commerce \u00e0 l&rsquo;Ivey School of Business et esp\u00e8re ensuite devenir avocate. Elle poss\u00e8de une exp\u00e9rience li\u00e9e au secteur bancaire o\u00f9 elle a consolid\u00e9 des rapports et fait des pr\u00e9sentations. Elle a \u00e9galement travaill\u00e9 dans le domaine de la communication juridique et des \u00e9tudes de march\u00e9, d\u00e9veloppant de solides comp\u00e9tences en mati\u00e8re d&rsquo;art oratoire, d&rsquo;analyse et de communication.<\/p>\n<\/div>\n\n\n\n<div class=\"wp-block-column is-layout-flow wp-block-column-is-layout-flow\"><div class=\"wp-block-image\">\n<figure class=\"aligncenter size-full\"><img loading=\"lazy\" decoding=\"async\" width=\"196\" height=\"176\" src=\"https:\/\/trustmakers-training.ca\/francais\/wp-content\/uploads\/2025\/02\/Efsen-Welday.jpg\" alt=\"\" class=\"wp-image-4284\"\/><\/figure>\n<\/div>\n\n\n<p class=\"has-text-align-center\"><strong>Efsen Welday<\/strong><br>(<a href=\"https:\/\/ventureforcanada.ca\/fr\/programmes\/programme-dintrapreneuriat\" target=\"_blank\" rel=\"noreferrer noopener\">Venture for Canada<\/a>, Hiver 2025)<\/p>\n\n\n\n<p class=\"has-text-align-center has-small-font-size\">Efsen Welday est \u00e9tudiant de premi\u00e8re ann\u00e9e en commerce \u00e0 l&rsquo;Universit\u00e9 de la Saskatchewan. Il aspire \u00e0 devenir propri\u00e9taire de sa propre entreprise.<\/p>\n<\/div>\n\n\n\n<div class=\"wp-block-column is-layout-flow wp-block-column-is-layout-flow\"><\/div>\n<\/div>\n","protected":false},"excerpt":{"rendered":"<p>John McKay jmckay@trustmakers.ca613-699-2007 poste 102 L\u2019associ\u00e9 fondateur John McKay a fourni des services de communications et de relations avec les m\u00e9dias aux secteurs public, priv\u00e9 et \u00e0 but non lucratif depuis plus de 30 ans. Il est un formateur respect\u00e9, conf\u00e9rencier et pr\u00e9sentateur. Il a donn\u00e9 plus d\u2019un millier de sessions formations, anim\u00e9 des r\u00e9unions<br \/><a class=\"moretag\" href=\"https:\/\/trustmakers-training.ca\/francais\/a-notre-sujet\/nos-gens\/\">+ En savoir plus<\/a><\/p>\n","protected":false},"author":1,"featured_media":0,"parent":77,"menu_order":0,"comment_status":"closed","ping_status":"closed","template":"template_parts\/page-fullwidth_template.php","meta":{"footnotes":""},"class_list":["post-85","page","type-page","status-publish","hentry"],"_links":{"self":[{"href":"https:\/\/trustmakers-training.ca\/francais\/wp-json\/wp\/v2\/pages\/85","targetHints":{"allow":["GET"]}}],"collection":[{"href":"https:\/\/trustmakers-training.ca\/francais\/wp-json\/wp\/v2\/pages"}],"about":[{"href":"https:\/\/trustmakers-training.ca\/francais\/wp-json\/wp\/v2\/types\/page"}],"author":[{"embeddable":true,"href":"https:\/\/trustmakers-training.ca\/francais\/wp-json\/wp\/v2\/users\/1"}],"replies":[{"embeddable":true,"href":"https:\/\/trustmakers-training.ca\/francais\/wp-json\/wp\/v2\/comments?post=85"}],"version-history":[{"count":44,"href":"https:\/\/trustmakers-training.ca\/francais\/wp-json\/wp\/v2\/pages\/85\/revisions"}],"predecessor-version":[{"id":4358,"href":"https:\/\/trustmakers-training.ca\/francais\/wp-json\/wp\/v2\/pages\/85\/revisions\/4358"}],"up":[{"embeddable":true,"href":"https:\/\/trustmakers-training.ca\/francais\/wp-json\/wp\/v2\/pages\/77"}],"wp:attachment":[{"href":"https:\/\/trustmakers-training.ca\/francais\/wp-json\/wp\/v2\/media?parent=85"}],"curies":[{"name":"wp","href":"https:\/\/api.w.org\/{rel}","templated":true}]}}