{"id":83,"date":"2020-04-15T21:14:28","date_gmt":"2020-04-15T21:14:28","guid":{"rendered":"http:\/\/rmassociates.ca\/fr\/?page_id=83"},"modified":"2025-10-09T19:09:38","modified_gmt":"2025-10-09T19:09:38","slug":"qui-nous-sommes","status":"publish","type":"page","link":"https:\/\/trustmakers-training.ca\/francais\/a-notre-sujet\/qui-nous-sommes\/","title":{"rendered":"Qui nous sommes"},"content":{"rendered":"\n<div class=\"wp-block-columns is-layout-flex wp-container-core-columns-is-layout-9d6595d7 wp-block-columns-is-layout-flex\">\n<div class=\"wp-block-column is-layout-flow wp-block-column-is-layout-flow\">\n<h3 class=\"wp-block-heading has-text-color has-link-color wp-elements-05a54044b6c67f7273083cb1d8444222\" style=\"color:#004562\">Nous sommes la premi\u00e8re entreprise ax\u00e9e sur la confiance par la communication, offrant notre approche unique, innovante et \u00e9prouv\u00e9e en communication et marketing depuis 25 ans.<\/h3>\n\n\n\n<p>Rutherford McKay Associates Inc., aujourd&rsquo;hui connu sous le nom de ARTISANS DE LA CONFIANCE, a \u00e9t\u00e9 lanc\u00e9 en 2000 par David Rutherford et John McKay.<br><strong><br>Notre fa\u00e7on de travailler \u00e9tait, et continue d\u2019\u00eatre, inhabituelle.<\/strong><\/p>\n\n\n\n<p>Nous avons travaill\u00e9 avec des ministres et des cadres sup\u00e9rieurs de tous les secteurs, ainsi qu&rsquo;avec des scientifiques, des experts et du personnel de premi\u00e8re ligne, en personne et en utilisant notre service de formation virtuelle.<\/p>\n\n\n\n<figure class=\"wp-block-vimeo-create vimeo-create__video-container\"><div style=\"width:100%\"><iframe class=\"vimeo-core-video\" loading=\"lazy\" src=\"https:\/\/player.vimeo.com\/video\/706699294?autopause=true&amp;autoplay=true&amp;background=false&amp;byline=true&amp;controls=false&amp;dnt=true&amp;loop=true&amp;muted=true&amp;pip=false&amp;playsinline=true&amp;portrait=true&amp;responsive=true&amp;speed=false&amp;title=true&amp;transparent=false\" width=\"1920\" height=\"1080\" frameborder=\"0\" allowfullscreen title=\"homepagevideo.mp4\" style=\"max-width:100%;width:100%;height:100%;aspect-ratio:1920 \/ 1080\"><\/iframe><\/div><\/figure>\n\n\n\n<div class=\"wp-block-columns is-layout-flex wp-container-core-columns-is-layout-9d6595d7 wp-block-columns-is-layout-flex\">\n<div class=\"wp-block-column is-layout-flow wp-block-column-is-layout-flow\" style=\"flex-basis:66.66%\">\n<p class=\"has-text-align-center\">Nous sommes fiers commanditaires mensuels de<\/p>\n\n\n<div class=\"wp-block-image\">\n<figure class=\"aligncenter size-medium\"><a href=\"https:\/\/indspire.ca\/fr\/\" target=\"_blank\" rel=\" noreferrer noopener\"><img fetchpriority=\"high\" decoding=\"async\" width=\"300\" height=\"248\" src=\"https:\/\/trustmakers-training.ca\/francais\/wp-content\/uploads\/2025\/03\/IndspireLogo-1-300x248.png\" alt=\"\" class=\"wp-image-4311\" srcset=\"https:\/\/trustmakers-training.ca\/francais\/wp-content\/uploads\/2025\/03\/IndspireLogo-1-300x248.png 300w, https:\/\/trustmakers-training.ca\/francais\/wp-content\/uploads\/2025\/03\/IndspireLogo-1-1024x847.png 1024w, https:\/\/trustmakers-training.ca\/francais\/wp-content\/uploads\/2025\/03\/IndspireLogo-1-768x636.png 768w, https:\/\/trustmakers-training.ca\/francais\/wp-content\/uploads\/2025\/03\/IndspireLogo-1.png 1282w\" sizes=\"(max-width: 300px) 100vw, 300px\" \/><\/a><\/figure>\n<\/div><\/div>\n\n\n\n<div class=\"wp-block-column is-layout-flow wp-block-column-is-layout-flow\" style=\"flex-basis:33.33%\">\n<h3 class=\"wp-block-heading has-text-align-center\"><a href=\"https:\/\/trustmakers-training.ca\/francais\/a-notre-sujet\/nos-gens\/\" data-type=\"page\" data-id=\"85\">Notre \u00e9quipe<\/a><\/h3>\n<\/div>\n<\/div>\n<\/div>\n\n\n\n<div class=\"wp-block-column is-layout-flow wp-block-column-is-layout-flow\">\n<h3 class=\"wp-block-heading has-text-color has-link-color wp-elements-69fb8bd73f4184a576d8b953d5aae496\" id=\"el_1677935447457_437\" style=\"color:#004562\">Notre approche pratico-pratique et sans fioritures des communications et des relations avec les m\u00e9dias a trouv\u00e9 \u00e9cho aupr\u00e8s des publics du Canada et du monde entier.<\/h3>\n\n\n\n<div class=\"wp-block-columns is-layout-flex wp-container-core-columns-is-layout-9d6595d7 wp-block-columns-is-layout-flex\">\n<div class=\"wp-block-column is-layout-flow wp-block-column-is-layout-flow\" style=\"flex-basis:33.33%\"><div class=\"wp-block-image\">\n<figure class=\"alignright size-medium is-resized\"><img decoding=\"async\" width=\"300\" height=\"300\" src=\"https:\/\/trustmakers-training.ca\/francais\/wp-content\/uploads\/2024\/12\/25anniversaryFR-tr-300x300.png\" alt=\"\" class=\"wp-image-3899\" style=\"width:108px;height:auto\" srcset=\"https:\/\/trustmakers-training.ca\/francais\/wp-content\/uploads\/2024\/12\/25anniversaryFR-tr-300x300.png 300w, https:\/\/trustmakers-training.ca\/francais\/wp-content\/uploads\/2024\/12\/25anniversaryFR-tr-150x150.png 150w, https:\/\/trustmakers-training.ca\/francais\/wp-content\/uploads\/2024\/12\/25anniversaryFR-tr.png 400w\" sizes=\"(max-width: 300px) 100vw, 300px\" \/><\/figure>\n<\/div><\/div>\n\n\n\n<div class=\"wp-block-column is-layout-flow wp-block-column-is-layout-flow\" style=\"flex-basis:66.66%\">\n<p class=\"has-text-color has-link-color wp-elements-d6102c87e2b3ff836c98c19f8e43f2f3\" style=\"color:#00abca\"><strong>Depuis 25 ans, nous formons des professionnels pour communiquer avec confiance.<\/strong><\/p>\n<\/div>\n<\/div>\n\n\n\n<h2 class=\"wp-block-heading has-text-align-center has-text-color has-link-color wp-elements-a5001e4240a0d565773146813883f82f\" style=\"color:#004562\"><strong>Nos programmes et services vous aident \u00e0 cr\u00e9er la confiance et le soutien en :<\/strong><\/h2>\n\n\n\n<p class=\"has-text-align-center has-text-color has-link-color wp-elements-d549af4863219c039d7d10d5229df2e0\" style=\"color:#00abca\"><strong>Traitant de fa\u00e7on responsable et efficace avec les m\u00e9dias<\/strong><\/p>\n\n\n\n<p class=\"has-text-align-center has-text-color has-link-color wp-elements-6c457225b07838cd9ca27cfba09f57c6\" style=\"color:#004562\"><strong>\u00c9tablissant des liens authentiques avec les gens, plut\u00f4t que faire un spectacle<\/strong><\/p>\n\n\n\n<p class=\"has-text-align-center has-text-color has-link-color wp-elements-83268ec219a3384e7c5d9a1db48073ed\" style=\"color:#00abca\"><strong>Allant au-del\u00e0 des donn\u00e9es et des chiffres en expliquant le sens et le contexte<\/strong><\/p>\n\n\n\n<p class=\"has-text-align-center has-text-color has-link-color wp-elements-ff2f27e3927468174083955fe4025111\" style=\"color:#004562\"><strong>Construisant une culture des communications au sein de votre organisation<\/strong><\/p>\n\n\n\n<p class=\"has-text-align-center has-text-color has-link-color wp-elements-2b1e51d46d898c8106ef35609732f315\" style=\"color:#00abca\"><strong>Focalisant vos id\u00e9es avec des concepts clairs<\/strong><\/p>\n\n\n\n<p class=\"has-text-align-center has-text-color has-link-color wp-elements-639d886d5604283e9f37e954b6c9c13e\" style=\"color:#004562\"><strong>Utilisant un langage, des images et des histoires auxquels s\u2019identifie votre public<\/strong><\/p>\n\n\n\n<p class=\"has-text-align-center has-text-color has-link-color wp-elements-82999507a561344a348bbeb9f60fc9d6\" style=\"color:#00abca\"><strong>Planifiant vos actions et en g\u00e9rant efficacement les enjeux<\/strong><\/p>\n\n\n\n<p class=\"has-text-align-center has-text-color has-link-color wp-elements-a849ff7c6f1d692df012e32db9f7f8ea\" style=\"color:#004562\"><strong>\u00c9tant efficace devant un comit\u00e9 parlementaire<\/strong><\/p>\n\n\n<div class=\"wp-block-image\">\n<figure class=\"aligncenter size-large is-resized\"><img decoding=\"async\" width=\"1024\" height=\"476\" src=\"https:\/\/trustmakers-training.ca\/francais\/wp-content\/uploads\/2024\/09\/Studiocr-1024x476.jpg\" alt=\"\" class=\"wp-image-3584\" style=\"width:497px\" srcset=\"https:\/\/trustmakers-training.ca\/francais\/wp-content\/uploads\/2024\/09\/Studiocr-1024x476.jpg 1024w, https:\/\/trustmakers-training.ca\/francais\/wp-content\/uploads\/2024\/09\/Studiocr-300x140.jpg 300w, https:\/\/trustmakers-training.ca\/francais\/wp-content\/uploads\/2024\/09\/Studiocr-768x357.jpg 768w, https:\/\/trustmakers-training.ca\/francais\/wp-content\/uploads\/2024\/09\/Studiocr.jpg 1260w\" sizes=\"(max-width: 1024px) 100vw, 1024px\" \/><\/figure>\n<\/div>\n\n\n<p class=\"has-text-align-center\">Le volet vid\u00e9oconf\u00e9rence en direct se d\u00e9roule \u00e0 partir de notre Centre de production d\u2019apprentissage et de m\u00e9dias \u00e0 Ottawa. Les s\u00e9ances sont interactives, engageantes et produites par des professionnels.<\/p>\n<\/div>\n<\/div>\n","protected":false},"excerpt":{"rendered":"<p>Nous sommes la premi\u00e8re entreprise ax\u00e9e sur la confiance par la communication, offrant notre approche unique, innovante et \u00e9prouv\u00e9e en communication et marketing depuis 25 ans. Rutherford McKay Associates Inc., aujourd&rsquo;hui connu sous le nom de ARTISANS DE LA CONFIANCE, a \u00e9t\u00e9 lanc\u00e9 en 2000 par David Rutherford et John McKay.Notre fa\u00e7on de travailler \u00e9tait,<br \/><a class=\"moretag\" href=\"https:\/\/trustmakers-training.ca\/francais\/a-notre-sujet\/qui-nous-sommes\/\">+ En savoir plus<\/a><\/p>\n","protected":false},"author":1,"featured_media":0,"parent":77,"menu_order":0,"comment_status":"closed","ping_status":"closed","template":"template_parts\/page-fullwidth_template.php","meta":{"footnotes":""},"class_list":["post-83","page","type-page","status-publish","hentry"],"_links":{"self":[{"href":"https:\/\/trustmakers-training.ca\/francais\/wp-json\/wp\/v2\/pages\/83","targetHints":{"allow":["GET"]}}],"collection":[{"href":"https:\/\/trustmakers-training.ca\/francais\/wp-json\/wp\/v2\/pages"}],"about":[{"href":"https:\/\/trustmakers-training.ca\/francais\/wp-json\/wp\/v2\/types\/page"}],"author":[{"embeddable":true,"href":"https:\/\/trustmakers-training.ca\/francais\/wp-json\/wp\/v2\/users\/1"}],"replies":[{"embeddable":true,"href":"https:\/\/trustmakers-training.ca\/francais\/wp-json\/wp\/v2\/comments?post=83"}],"version-history":[{"count":16,"href":"https:\/\/trustmakers-training.ca\/francais\/wp-json\/wp\/v2\/pages\/83\/revisions"}],"predecessor-version":[{"id":4416,"href":"https:\/\/trustmakers-training.ca\/francais\/wp-json\/wp\/v2\/pages\/83\/revisions\/4416"}],"up":[{"embeddable":true,"href":"https:\/\/trustmakers-training.ca\/francais\/wp-json\/wp\/v2\/pages\/77"}],"wp:attachment":[{"href":"https:\/\/trustmakers-training.ca\/francais\/wp-json\/wp\/v2\/media?parent=83"}],"curies":[{"name":"wp","href":"https:\/\/api.w.org\/{rel}","templated":true}]}}