{"id":79,"date":"2020-04-15T21:12:07","date_gmt":"2020-04-15T21:12:07","guid":{"rendered":"http:\/\/rmassociates.ca\/fr\/?page_id=79"},"modified":"2024-09-27T16:41:07","modified_gmt":"2024-09-27T16:41:07","slug":"qui-vous-etes","status":"publish","type":"page","link":"https:\/\/trustmakers-training.ca\/francais\/a-notre-sujet\/qui-vous-etes\/","title":{"rendered":"Qui vous \u00eates"},"content":{"rendered":"\n<h3 class=\"wp-block-heading has-text-align-center\"><strong>Le brouillage et la performance sont choses du pass\u00e9. Le temps est \u00e0 la clart\u00e9, l\u2019honn\u00eatet\u00e9 et l\u2019authenticit\u00e9.<\/strong><\/h3>\n\n\n\n<div class=\"wp-block-columns is-layout-flex wp-container-core-columns-is-layout-9d6595d7 wp-block-columns-is-layout-flex\">\n<div class=\"wp-block-column is-layout-flow wp-block-column-is-layout-flow\">\n<p>Nous sommes tenus d\u2019\u00e9crire, de parler et de se comporter d\u2019une mani\u00e8re particuli\u00e8re. Les formateurs de performance demandent de se d\u00e9barrasser des tics et des mani\u00e9rismes. On dit aux participants que le langage corporel est un \u00e9l\u00e9ment cl\u00e9 et on prescrit des fa\u00e7ons d\u2019agir.<\/p>\n\n\n\n<p>Ils encouragent \u00e0 communiquer de fa\u00e7on \u00e9gocentrique en utilisant la d\u00e9viation et l\u2019\u00e9vitement. Ils sont form\u00e9s pour performer. Ils sont eux-m\u00eames form\u00e9s par des extravertis pour se comporter comme des extravertis. <\/p>\n\n\n\n<p>Celles\net ceux qui ne se sentent pas \u00e0 l\u2019aise dans cet environnement deviennent\nanxieux, m\u00eame terrifi\u00e9s, parce qu\u2019ils ne peuvent pas performer dans ce cadre\n\u00e9troit. Ils se per\u00e7oivent alors comme des communicateurs m\u00e9diocres.<\/p>\n\n\n\n<p>En fait, c\u2019est le contraire qui est vrai. L\u2019authenticit\u00e9 a un impact et un pouvoir. Nous pouvons vous aider \u00e0 cet effet.<\/p>\n\n\n\n<h3 class=\"wp-block-heading has-text-align-center\">Le\nmoment est-il venu pour vous et votre organisation de commencer \u00e0 b\u00e2tir la\nconfiance plut\u00f4t que de la d\u00e9truire? Est-il temps d\u2019afficher les r\u00e9sultats\nr\u00e9els de votre investissement en communications? Est-il temps de se d\u00e9marquer?\nNous pouvons vous aider.<\/h3>\n<\/div>\n\n\n\n<div class=\"wp-block-column is-layout-flow wp-block-column-is-layout-flow\">\n<figure class=\"wp-block-vimeo-create vimeo-create__video-container\"><div style=\"width:100%\"><iframe class=\"vimeo-core-video\" loading=\"lazy\" src=\"https:\/\/player.vimeo.com\/video\/796020659?autopause=true&amp;autoplay=true&amp;background=false&amp;byline=true&amp;controls=false&amp;dnt=true&amp;loop=true&amp;muted=true&amp;pip=false&amp;playsinline=true&amp;portrait=true&amp;responsive=true&amp;speed=false&amp;title=true&amp;transparent=false\" width=\"1008\" height=\"560\" frameborder=\"0\" allowfullscreen title=\"Artisansdelaconfiance - cc\" style=\"max-width:100%;width:100%;height:100%;aspect-ratio:1008 \/ 560\"><\/iframe><\/div><\/figure>\n<\/div>\n<\/div>\n","protected":false},"excerpt":{"rendered":"<p>Le brouillage et la performance sont choses du pass\u00e9. Le temps est \u00e0 la clart\u00e9, l\u2019honn\u00eatet\u00e9 et l\u2019authenticit\u00e9. Nous sommes tenus d\u2019\u00e9crire, de parler et de se comporter d\u2019une mani\u00e8re particuli\u00e8re. Les formateurs de performance demandent de se d\u00e9barrasser des tics et des mani\u00e9rismes. On dit aux participants que le langage corporel est un \u00e9l\u00e9ment<br \/><a class=\"moretag\" href=\"https:\/\/trustmakers-training.ca\/francais\/a-notre-sujet\/qui-vous-etes\/\">+ En savoir plus<\/a><\/p>\n","protected":false},"author":1,"featured_media":0,"parent":77,"menu_order":0,"comment_status":"closed","ping_status":"closed","template":"template_parts\/page-fullwidth_template.php","meta":{"footnotes":""},"class_list":["post-79","page","type-page","status-publish","hentry"],"_links":{"self":[{"href":"https:\/\/trustmakers-training.ca\/francais\/wp-json\/wp\/v2\/pages\/79","targetHints":{"allow":["GET"]}}],"collection":[{"href":"https:\/\/trustmakers-training.ca\/francais\/wp-json\/wp\/v2\/pages"}],"about":[{"href":"https:\/\/trustmakers-training.ca\/francais\/wp-json\/wp\/v2\/types\/page"}],"author":[{"embeddable":true,"href":"https:\/\/trustmakers-training.ca\/francais\/wp-json\/wp\/v2\/users\/1"}],"replies":[{"embeddable":true,"href":"https:\/\/trustmakers-training.ca\/francais\/wp-json\/wp\/v2\/comments?post=79"}],"version-history":[{"count":10,"href":"https:\/\/trustmakers-training.ca\/francais\/wp-json\/wp\/v2\/pages\/79\/revisions"}],"predecessor-version":[{"id":3640,"href":"https:\/\/trustmakers-training.ca\/francais\/wp-json\/wp\/v2\/pages\/79\/revisions\/3640"}],"up":[{"embeddable":true,"href":"https:\/\/trustmakers-training.ca\/francais\/wp-json\/wp\/v2\/pages\/77"}],"wp:attachment":[{"href":"https:\/\/trustmakers-training.ca\/francais\/wp-json\/wp\/v2\/media?parent=79"}],"curies":[{"name":"wp","href":"https:\/\/api.w.org\/{rel}","templated":true}]}}