{"id":65,"date":"2020-04-15T20:43:19","date_gmt":"2020-04-15T20:43:19","guid":{"rendered":"http:\/\/rmassociates.ca\/fr\/?page_id=65"},"modified":"2024-12-23T13:45:48","modified_gmt":"2024-12-23T13:45:48","slug":"comparutions-devant-des-comites-parlementaires","status":"publish","type":"page","link":"https:\/\/trustmakers-training.ca\/francais\/cours\/comparutions-devant-des-comites-parlementaires\/","title":{"rendered":""},"content":{"rendered":"<div class=\"wp-block-image\">\n<figure class=\"aligncenter size-full is-resized\"><img decoding=\"async\" width=\"196\" height=\"196\" src=\"https:\/\/trustmakers-training.ca\/francais\/wp-content\/uploads\/2024\/09\/peaceTower-196.png\" alt=\"\" class=\"wp-image-3041\" style=\"width:168px;height:auto\" srcset=\"https:\/\/trustmakers-training.ca\/francais\/wp-content\/uploads\/2024\/09\/peaceTower-196.png 196w, https:\/\/trustmakers-training.ca\/francais\/wp-content\/uploads\/2024\/09\/peaceTower-196-150x150.png 150w\" sizes=\"(max-width: 196px) 100vw, 196px\" \/><\/figure>\n<\/div>\n\n\n<h2 class=\"wp-block-heading has-text-align-center has-text-color has-link-color wp-elements-aab4364b5ed289f3e911a5e414ba0053\" style=\"color:#004562\">Formation 3 pour les porte-parole : Comparution devant des commissions parlementaires ou l\u00e9gislatives<\/h2>\n\n\n\n<div class=\"wp-block-group is-nowrap is-layout-flex wp-container-core-group-is-layout-ad2f72ca wp-block-group-is-layout-flex\">\n<h3 class=\"wp-block-heading has-text-align-center has-text-color has-link-color wp-elements-241f9ddb881c7af2b557dee934aca374\" style=\"color:#00abca\"><em><em>Ce cours aidera la personne qui compara\u00eetra, ainsi que celles et ceux qui l\u2019appuient, \u00e0 \u00e9tablir la confiance et le soutien des parlementaires et \u00e0 \u00e9tablir des liens plus approfondis avec la fonction publique, les m\u00e9dias, les intervenants et le public.<\/em><\/em><\/h3>\n<\/div>\n\n\n\n<h3 class=\"wp-block-heading has-text-color has-link-color wp-elements-14312d4c571a593e4775dfe1f6bd1e84\" style=\"color:#004562\"><a>Aper\u00e7u<\/a><\/h3>\n\n\n\n<p>Les fonctionnaires et les membres d&rsquo;autres organismes des secteurs public, sans but lucratif et priv\u00e9 peuvent \u00eatre appel\u00e9s \u00e0 compara\u00eetre devant un comit\u00e9 parlementaire. Pour ceux qui comparaissent et ceux qui les appuient, le processus du comit\u00e9 peut \u00eatre intimidant. Ce cours vous aidera \u00e0 planifier, \u00e0 travailler avec le greffier du comit\u00e9, \u00e0 compara\u00eetre et \u00e0 interagir avec d&rsquo;autres publics tels que les m\u00e9dias et les intervenants apr\u00e8s votre comparution. <\/p>\n\n\n\n<p>Tout au long de la session, chaque participant participe \u00e0 des exercices pratiques. Ces exercices sont compl\u00e9t\u00e9s par des instructions et des exemples pertinents de comparutions devant des comit\u00e9s parlementaires, pr\u00e9sent\u00e9s sur vid\u00e9o et discut\u00e9s par la classe.<\/p>\n\n\n\n<div class=\"wp-block-columns is-layout-flex wp-container-core-columns-is-layout-9d6595d7 wp-block-columns-is-layout-flex\">\n<div class=\"wp-block-column is-layout-flow wp-block-column-is-layout-flow\">\n<p>Le contenu comprend g\u00e9n\u00e9ralement les \u00e9l\u00e9ments suivants :<\/p>\n\n\n\n<ul class=\"wp-block-list\">\n<li>Les types de comit\u00e9s et leur composition<\/li>\n\n\n\n<li>Sc\u00e9narios de comparution<\/li>\n\n\n\n<li>Les r\u00e8gles d\u2019engagement<\/li>\n\n\n\n<li>Pr\u00e9paration d&rsquo;une comparution devant un comit\u00e9 (et de tout int\u00e9r\u00eat simultan\u00e9 des m\u00e9dias, du public et des intervenants)<\/li>\n\n\n\n<li>Id\u00e9es &#8211; ce qu&rsquo;elles sont et comment les d\u00e9velopper et les utiliser pour organiser votre brief et votre apparence<\/li>\n\n\n\n<li>Comment mieux comprendre les points de vue et les positions publiques des membres du comit\u00e9 et adapter votre contenu et votre pr\u00e9sentation en cons\u00e9quence.<\/li>\n\n\n\n<li>Gestion des questions et des personnes difficiles<\/li>\n\n\n\n<li>Soutiens visuels et notes orales<\/li>\n\n\n\n<li>Compara\u00eetre virtuellement<\/li>\n\n\n\n<li>Anticiper l&rsquo;int\u00e9r\u00eat des m\u00e9dias et y r\u00e9pondre apr\u00e8s la comparution devant le comit\u00e9<\/li>\n\n\n\n<li>S&rsquo;appuyer sur la comparution du comit\u00e9 pour dialoguer avec les principaux intervenants<\/li>\n<\/ul>\n<\/div>\n\n\n\n<div class=\"wp-block-column is-layout-flow wp-block-column-is-layout-flow\">\n<figure class=\"wp-block-image size-large\"><img fetchpriority=\"high\" decoding=\"async\" width=\"1024\" height=\"476\" src=\"https:\/\/trustmakers-training.ca\/francais\/wp-content\/uploads\/2024\/09\/Studiocr-1024x476.jpg\" alt=\"\" class=\"wp-image-3584\" srcset=\"https:\/\/trustmakers-training.ca\/francais\/wp-content\/uploads\/2024\/09\/Studiocr-1024x476.jpg 1024w, https:\/\/trustmakers-training.ca\/francais\/wp-content\/uploads\/2024\/09\/Studiocr-300x140.jpg 300w, https:\/\/trustmakers-training.ca\/francais\/wp-content\/uploads\/2024\/09\/Studiocr-768x357.jpg 768w, https:\/\/trustmakers-training.ca\/francais\/wp-content\/uploads\/2024\/09\/Studiocr.jpg 1260w\" sizes=\"(max-width: 1024px) 100vw, 1024px\" \/><\/figure>\n\n\n\n<p class=\"has-text-align-center\"><em>Le volet vid\u00e9oconf\u00e9rence en direct se d\u00e9roule \u00e0 partir de notre studio \u00e0 Ottawa. Les s\u00e9ances sont interactives, engageantes et produites par des professionnels.<\/em><\/p>\n<\/div>\n\n\n\n<div class=\"wp-block-column is-layout-flow wp-block-column-is-layout-flow\">\n<p class=\"has-text-align-center has-text-color has-link-color has-small-font-size wp-elements-7eac9b1e96994540ffae5ff8fe9fbea9\" style=\"color:#004562\"><strong><a href=\"https:\/\/trustmakers-training.ca\/Images-Videos\/Catalogue des cours - Artisans de la confiance (Jan2025).pdf\" target=\"_blank\" rel=\"noreferrer noopener nofollow\">Catalogue des cours (Fran\u00e7ais) &#8211; PDF<\/a><\/strong><\/p>\n\n\n\n<p class=\"has-text-align-center has-text-color has-link-color has-small-font-size wp-elements-5076a6038ec83d2017e9782fb732e77d\" style=\"color:#004562\"><strong><strong><a href=\"https:\/\/trustmakers-training.ca\/Images-Videos\/AC-Porte parole 2-Allocutions et pr\u00e9sentations.pdf\" target=\"_blank\" rel=\"noreferrer noopener\"><strong><\/strong><\/a><strong><a href=\"https:\/\/trustmakers-training.ca\/Images-Videos\/AC-Porte parole 3-commissions parlementaires.pdf\" target=\"_blank\" rel=\"noreferrer noopener\">Fiche d\u2019information \u2013 <strong>Comparution devant des commissions parlementaires ou l\u00e9gislatives<\/strong><\/a><\/strong> <strong><a href=\"https:\/\/trustmakers-training.ca\/Images-Videos\/AC-Porte parole 3-commissions parlementaires.pdf\" target=\"_blank\" rel=\"noreferrer noopener\"><\/a><a href=\"https:\/\/trustmakers-training.ca\/Images-Videos\/AC-Porte parole 2-Allocutions et pr\u00e9sentations.pdf\" target=\"_blank\" rel=\"noreferrer noopener\">\u2013 PDF<\/a><\/strong><\/strong><\/strong><\/p>\n\n\n\n<hr class=\"wp-block-separator has-alpha-channel-opacity\"\/>\n\n\n\n<p class=\"has-text-align-center has-text-color has-link-color has-small-font-size wp-elements-eac17b2a7b30f6eeb53d830765602a7b\" style=\"color:#004562\"><strong><a href=\"https:\/\/trustmakers-training.ca\/Images-Videos\/Course%20Catalogue%20-%20Trustmakers%20-%20(Jan2025).pdf\" target=\"_blank\" rel=\"noreferrer noopener nofollow\">Course catalogue (English) &#8211; PDF<\/a><\/strong><\/p>\n\n\n\n<p class=\"has-text-align-center has-text-color has-link-color has-small-font-size wp-elements-7d6f1fdb4b2d426370a364edb49b1ad2\" style=\"color:#004562\"><strong><strong><a href=\"https:\/\/trustmakers-training.ca\/Images-Videos\/TM-Spokesperson Training 2 - Public Speaking &amp; Presenting.pdf\" target=\"_blank\" rel=\"noreferrer noopener\"><\/a><strong><a href=\"https:\/\/trustmakers-training.ca\/Images-Videos\/TM-Spokesperson%20Training%203-%20Parliamentary%20Committee%20Appearances.pdf\" target=\"_blank\" rel=\"noreferrer noopener\">Information sheet \u2013 Parliamentary \/ Legislative Appearances \u2013 PDF<\/a><\/strong><\/strong><\/strong><\/p>\n\n\n\n<div class=\"wp-block-buttons is-content-justification-center is-layout-flex wp-container-core-buttons-is-layout-16018d1d wp-block-buttons-is-layout-flex\">\n<div class=\"wp-block-button\"><a class=\"wp-block-button__link has-white-color has-text-color has-background has-link-color wp-element-button\" href=\"https:\/\/trustmakers-training.ca\/francais\/contact-2\/\" style=\"background-color:#00abca\"><strong>Contactez-nous, obtenez un devis<\/strong><\/a><\/div>\n<\/div>\n<\/div>\n<\/div>\n\n\n\n<div class=\"wp-block-columns is-layout-flex wp-container-core-columns-is-layout-9d6595d7 wp-block-columns-is-layout-flex\">\n<div class=\"wp-block-column is-layout-flow wp-block-column-is-layout-flow\">\n<h3 class=\"wp-block-heading has-text-color has-link-color wp-elements-6d0c767f5af86e72c9160942d41135ed\" style=\"color:#004562\">\u00c0 qui s&rsquo;adresse cette formation ?<\/h3>\n\n\n\n<p>Cadres sup\u00e9rieurs et experts qui compara\u00eetront ou pourraient compara\u00eetre devant un comit\u00e9 parlementaire ou l\u00e9gislatif aux niveaux f\u00e9d\u00e9ral, provincial ou municipal. Les personnes qui travaillent \u00e0 l&rsquo;appui des personnes qui comparaissent en pr\u00e9parant des documents, en assurant la coordination avec le greffier du comit\u00e9 et en fournissant d&rsquo;autres formes de soutien.<\/p>\n\n\n\n<h3 class=\"wp-block-heading has-text-color has-link-color wp-elements-74d2c1ee1edcf6500a2b63d3159a1547\" style=\"color:#004562\">Pourquoi suivre cette formation ?<\/h3>\n\n\n\n<p>Ce cours vous aidera \u00e0 planifier et \u00e0 vous pr\u00e9parer \u00e0 une comparution, \u00e0 anticiper les questions, \u00e0 transmettre vos id\u00e9es et votre information aux membres du comit\u00e9 et \u00e0 vous pr\u00e9parer \u00e0 l&rsquo;int\u00e9r\u00eat simultan\u00e9 des m\u00e9dias et des intervenants. Vous serez pr\u00eat \u00e0 compara\u00eetre efficacement en fournissant des id\u00e9es et des informations significatives et en r\u00e9pondant aux questions avec confiance et clart\u00e9.<\/p>\n\n\n\n<div style=\"height:25px\" aria-hidden=\"true\" class=\"wp-block-spacer\"><\/div>\n\n\n\n<p class=\"has-text-color has-link-color wp-elements-39206da478dcc43bb5ecea73c973985b\" style=\"color:#004562\"><strong>Artisans de la confiance, une division de Rutherford McKay Associates Inc., est l\u2019une des entreprises de formation en relations avec les m\u00e9dias et en communication les plus renomm\u00e9es du Canada. &nbsp; Depuis l\u2019an 2000, nous avons offert des centaines de cours \u00e0 des milliers de participants dans tous les domaines partout au Canada et aux \u00c9tats Unis.<\/strong><\/p>\n<\/div>\n\n\n\n<div class=\"wp-block-column is-layout-flow wp-block-column-is-layout-flow\">\n<h3 class=\"wp-block-heading has-text-color has-link-color wp-elements-e1109aa1b4a8b3a1262d8a1af1ad0f7d\" style=\"color:#004562\">\u00c0 quoi s&rsquo;attendre<\/h3>\n\n\n\n<p class=\"has-text-color has-link-color wp-elements-07868852be57e0edc52ff92aa93f00da\" style=\"color:#00abca\"><strong>A. Renseignements pr\u00e9-session<\/strong><\/p>\n\n\n\n<p>En d\u00e9but de programme, le participant remplit un formulaire d\u00e9crivant son exp\u00e9rience en mati\u00e8re. Le formulaire demande \u00e9galement d\u2019identifier un sujet pour vos exercices pratiques pendant la session.<\/p>\n\n\n\n<p class=\"has-text-color has-link-color wp-elements-a22fd23fcb00561cdeb7111a9a396c2d\" style=\"color:#00abca\"><strong>B. Modules pr\u00e9paratoires<\/strong><\/p>\n\n\n\n<p>Dans les jours pr\u00e9c\u00e9dant la session en direct, le participant compl\u00e8te les modules d\u2019apprentissage sur la plate-forme en ligne. Les modules en ligne se composent de vid\u00e9os, lectures, t\u00e9l\u00e9chargements et exercices automatis\u00e9s. Au total, les modules prennent normalement 30 minutes ou moins \u00e0 compl\u00e9ter.<\/p>\n\n\n\n<p class=\"has-text-color has-link-color wp-elements-52aef6119dbc4fc3fec27a76833d0177\" style=\"color:#00abca\"><strong>C. Session de formation en direct<\/strong><\/p>\n\n\n\n<p>Au cours de la session de formation en direct, vous participerez \u00e0 deux exercices d&rsquo;entra\u00eenement enregistr\u00e9s simulant une comparution devant un comit\u00e9 sur votre sujet. Ces simulations feront l&rsquo;objet d&rsquo;un examen et d&rsquo;une critique constructive. La session en direct dure entre 3 et 3,5 heures.<\/p>\n<\/div>\n<\/div>\n","protected":false},"excerpt":{"rendered":"<p>Formation 3 pour les porte-parole : Comparution devant des commissions parlementaires ou l\u00e9gislatives Ce cours aidera la personne qui compara\u00eetra, ainsi que celles et ceux qui l\u2019appuient, \u00e0 \u00e9tablir la confiance et le soutien des parlementaires et \u00e0 \u00e9tablir des liens plus approfondis avec la fonction publique, les m\u00e9dias, les intervenants et le public. Aper\u00e7u<br \/><a class=\"moretag\" href=\"https:\/\/trustmakers-training.ca\/francais\/cours\/comparutions-devant-des-comites-parlementaires\/\">+ En savoir plus<\/a><\/p>\n","protected":false},"author":1,"featured_media":0,"parent":3286,"menu_order":0,"comment_status":"closed","ping_status":"closed","template":"template_parts\/page-fullwidth_template.php","meta":{"footnotes":""},"class_list":["post-65","page","type-page","status-publish","hentry"],"_links":{"self":[{"href":"https:\/\/trustmakers-training.ca\/francais\/wp-json\/wp\/v2\/pages\/65","targetHints":{"allow":["GET"]}}],"collection":[{"href":"https:\/\/trustmakers-training.ca\/francais\/wp-json\/wp\/v2\/pages"}],"about":[{"href":"https:\/\/trustmakers-training.ca\/francais\/wp-json\/wp\/v2\/types\/page"}],"author":[{"embeddable":true,"href":"https:\/\/trustmakers-training.ca\/francais\/wp-json\/wp\/v2\/users\/1"}],"replies":[{"embeddable":true,"href":"https:\/\/trustmakers-training.ca\/francais\/wp-json\/wp\/v2\/comments?post=65"}],"version-history":[{"count":7,"href":"https:\/\/trustmakers-training.ca\/francais\/wp-json\/wp\/v2\/pages\/65\/revisions"}],"predecessor-version":[{"id":3835,"href":"https:\/\/trustmakers-training.ca\/francais\/wp-json\/wp\/v2\/pages\/65\/revisions\/3835"}],"up":[{"embeddable":true,"href":"https:\/\/trustmakers-training.ca\/francais\/wp-json\/wp\/v2\/pages\/3286"}],"wp:attachment":[{"href":"https:\/\/trustmakers-training.ca\/francais\/wp-json\/wp\/v2\/media?parent=65"}],"curies":[{"name":"wp","href":"https:\/\/api.w.org\/{rel}","templated":true}]}}