{"id":4251,"date":"2025-01-05T14:20:24","date_gmt":"2025-01-05T14:20:24","guid":{"rendered":"https:\/\/trustmakers-training.ca\/francais\/?page_id=4251"},"modified":"2025-01-05T15:51:08","modified_gmt":"2025-01-05T15:51:08","slug":"recherche","status":"publish","type":"page","link":"https:\/\/trustmakers-training.ca\/francais\/recherche\/","title":{"rendered":"Recherche"},"content":{"rendered":"\n<p>Contrairement \u00e0 beaucoup d&rsquo;autres entreprises du secteur, nos cours et nos services sont bas\u00e9s sur des recherches universitaires r\u00e9put\u00e9es et \u00e9valu\u00e9es par des pairs. Nous \u00e9vitons le battage m\u00e9diatique, la \u00ab sagesse populaire \u00bb et la pens\u00e9e uniforme de groupe. Nous sommes d\u2019avis que si vous dites ou faites la promotion d\u2019une position ou d\u2019un enjeu, vous devez avoir des preuves v\u00e9rifiables pour l&rsquo;\u00e9tayer.<\/p>\n\n\n\n<p>Nous publions ici des abr\u00e9g\u00e9s de recherche pr\u00e9par\u00e9s par notre \u00e9quipe, du contenu multim\u00e9dia connexe et d&rsquo;autres ressources sur le r\u00f4le de la confiance dans les communications et le marketing.<\/p>\n\n\n\n<div style=\"height:34px\" aria-hidden=\"true\" class=\"wp-block-spacer\"><\/div>\n\n\n\n<div class=\"wp-block-buttons is-content-justification-center is-layout-flex wp-container-core-buttons-is-layout-16018d1d wp-block-buttons-is-layout-flex\">\n<div class=\"wp-block-button\"><a class=\"wp-block-button__link has-white-color has-text-color has-background has-link-color has-text-align-center wp-element-button\" href=\"https:\/\/trustmakers-training.ca\/francais\/base-de-recherche\/\" style=\"background-color:#00abca\"><strong>Acc\u00e9der \u00e0 la base de recherche<\/strong><\/a><\/div>\n<\/div>\n\n\n\n<div style=\"height:31px\" aria-hidden=\"true\" class=\"wp-block-spacer\"><\/div>\n\n\n\n<h2 class=\"wp-block-heading has-text-color has-link-color wp-elements-0b57d6708f6ae2b2b8a95da7f2107e2b\" style=\"color:#00abca\"><strong>Quelques articles r\u00e9cents :<\/strong><\/h2>\n\n\n<ul class=\"wp-block-latest-posts__list wp-block-latest-posts\"><li><a class=\"wp-block-latest-posts__post-title\" href=\"https:\/\/trustmakers-training.ca\/francais\/2025\/10\/09\/levolution-de-la-consommation\/\">L&rsquo;\u00e9volution de la consommation d&rsquo;information et son impact sur la confiance du public<\/a><div class=\"wp-block-latest-posts__post-excerpt\">La confiance dans les informations a diminu\u00e9 \u00e0 l&rsquo;\u00e9chelle mondiale depuis 2015.Les pays qui d\u00e9pendent de moins en moins des informations t\u00e9l\u00e9vis\u00e9es et des m\u00e9dias sociaux conna\u00eetront une baisse plus importante de la confiance. Des facteurs individuels tels que l&rsquo;\u00e2ge, l&rsquo;\u00e9ducation et l&rsquo;int\u00e9r\u00eat pour les nouvelles influencent les niveaux de confiance. T\u00e9l\u00e9charger au format pdfEnglish<br><a class=\"moretag\" href=\"https:\/\/trustmakers-training.ca\/francais\/2025\/10\/09\/levolution-de-la-consommation\/\">+ En savoir plus<\/a><\/div><\/li>\n<li><a class=\"wp-block-latest-posts__post-title\" href=\"https:\/\/trustmakers-training.ca\/francais\/2025\/09\/24\/communication-scientifique\/\">Le r\u00f4le de la confiance dans la communication scientifique<\/a><div class=\"wp-block-latest-posts__post-excerpt\">La communication scientifique est pass\u00e9e de la simple vulgarisation des connaissances scientifiques \u00e0 une industrie comp\u00e9titive et multipartite. Le nombre croissant d&rsquo;acteurs ; scientifiques, experts en relations publiques, journalistes, blogueurs et d\u00e9cideurs politiques, complique le paysage de la communication et affecte la confiance du public dans l&rsquo;information scientifique. T\u00e9l\u00e9charger au format pdfEnglish Vid\u00e9o : English<br><a class=\"moretag\" href=\"https:\/\/trustmakers-training.ca\/francais\/2025\/09\/24\/communication-scientifique\/\">+ En savoir plus<\/a><\/div><\/li>\n<li><a class=\"wp-block-latest-posts__post-title\" href=\"https:\/\/trustmakers-training.ca\/francais\/2025\/05\/09\/marketing-numerique-ethique-transparence-2\/\">Consid\u00e9rations \u00e9thiques dans le marketing num\u00e9rique : \u00e9quilibre entre la confidentialit\u00e9, la transparence et la confiance des consommateurs<\/a><div class=\"wp-block-latest-posts__post-excerpt\">L&rsquo;expansion rapide du marketing num\u00e9rique, aliment\u00e9e par les avanc\u00e9es technologiques telles que l&rsquo;IA et le big data, a introduit des d\u00e9fis \u00e9thiques complexes. Alors que les entreprises s&rsquo;appuient de plus en plus sur les donn\u00e9es des consommateurs pour la publicit\u00e9 cibl\u00e9e et la personnalisation, les pr\u00e9occupations concernant la confidentialit\u00e9, la s\u00e9curit\u00e9 des donn\u00e9es et les<br><a class=\"moretag\" href=\"https:\/\/trustmakers-training.ca\/francais\/2025\/05\/09\/marketing-numerique-ethique-transparence-2\/\">+ En savoir plus<\/a><\/div><\/li>\n<li><a class=\"wp-block-latest-posts__post-title\" href=\"https:\/\/trustmakers-training.ca\/francais\/2025\/05\/02\/niagara-covid-19\/\">Communication de crise et r\u00e9silience communautaire dans la r\u00e9gion de Niagara pendant la COVID-19<\/a><div class=\"wp-block-latest-posts__post-excerpt\">La pand\u00e9mie de COVID-19 a non seulement constitu\u00e9 une crise sanitaire importante, mais aussi un d\u00e9fi de communication de crise pour les gouvernements \u00e0 tous les niveaux. Les administrations municipales ont jou\u00e9 un r\u00f4le crucial, mais souvent sous-estim\u00e9, dans les efforts de communication de crise, en utilisant leurs sites Web pour informer, \u00e9duquer et mobiliser<br><a class=\"moretag\" href=\"https:\/\/trustmakers-training.ca\/francais\/2025\/05\/02\/niagara-covid-19\/\">+ En savoir plus<\/a><\/div><\/li>\n<li><a class=\"wp-block-latest-posts__post-title\" href=\"https:\/\/trustmakers-training.ca\/francais\/2025\/04\/24\/sante-canada-covid-19\/\">L&rsquo;efficacit\u00e9 de la communication de Sant\u00e9 Canada pendant le d\u00e9ploiement du vaccin contre la COVID-19<\/a><div class=\"wp-block-latest-posts__post-excerpt\">La pand\u00e9mie de COVID-19 a pos\u00e9 d&rsquo;importants d\u00e9fis \u00e0 la communication sur la sant\u00e9 publique. Compte tenu de l&rsquo;h\u00e9sitation \u00e0 se faire vacciner et de la n\u00e9cessit\u00e9 d&rsquo;obtenir des renseignements exacts et en temps opportun, Sant\u00e9 Canada a publi\u00e9 des communiqu\u00e9s de presse pour influencer la perception du public et la couverture m\u00e9diatique. L&rsquo;\u00e9tude vise<br><a class=\"moretag\" href=\"https:\/\/trustmakers-training.ca\/francais\/2025\/04\/24\/sante-canada-covid-19\/\">+ En savoir plus<\/a><\/div><\/li>\n<\/ul>","protected":false},"excerpt":{"rendered":"<p>Contrairement \u00e0 beaucoup d&rsquo;autres entreprises du secteur, nos cours et nos services sont bas\u00e9s sur des recherches universitaires r\u00e9put\u00e9es et \u00e9valu\u00e9es par des pairs. Nous \u00e9vitons le battage m\u00e9diatique, la \u00ab sagesse populaire \u00bb et la pens\u00e9e uniforme de groupe. Nous sommes d\u2019avis que si vous dites ou faites la promotion d\u2019une position ou d\u2019un<br \/><a class=\"moretag\" href=\"https:\/\/trustmakers-training.ca\/francais\/recherche\/\">+ En savoir plus<\/a><\/p>\n","protected":false},"author":1,"featured_media":0,"parent":0,"menu_order":0,"comment_status":"closed","ping_status":"closed","template":"template_parts\/page-fullwidth_template.php","meta":{"footnotes":""},"class_list":["post-4251","page","type-page","status-publish","hentry"],"_links":{"self":[{"href":"https:\/\/trustmakers-training.ca\/francais\/wp-json\/wp\/v2\/pages\/4251","targetHints":{"allow":["GET"]}}],"collection":[{"href":"https:\/\/trustmakers-training.ca\/francais\/wp-json\/wp\/v2\/pages"}],"about":[{"href":"https:\/\/trustmakers-training.ca\/francais\/wp-json\/wp\/v2\/types\/page"}],"author":[{"embeddable":true,"href":"https:\/\/trustmakers-training.ca\/francais\/wp-json\/wp\/v2\/users\/1"}],"replies":[{"embeddable":true,"href":"https:\/\/trustmakers-training.ca\/francais\/wp-json\/wp\/v2\/comments?post=4251"}],"version-history":[{"count":2,"href":"https:\/\/trustmakers-training.ca\/francais\/wp-json\/wp\/v2\/pages\/4251\/revisions"}],"predecessor-version":[{"id":4258,"href":"https:\/\/trustmakers-training.ca\/francais\/wp-json\/wp\/v2\/pages\/4251\/revisions\/4258"}],"wp:attachment":[{"href":"https:\/\/trustmakers-training.ca\/francais\/wp-json\/wp\/v2\/media?parent=4251"}],"curies":[{"name":"wp","href":"https:\/\/api.w.org\/{rel}","templated":true}]}}