{"id":3976,"date":"2024-12-31T14:02:44","date_gmt":"2024-12-31T14:02:44","guid":{"rendered":"https:\/\/trustmakers-training.ca\/francais\/?page_id=3976"},"modified":"2025-05-02T13:08:00","modified_gmt":"2025-05-02T13:08:00","slug":"services","status":"publish","type":"page","link":"https:\/\/trustmakers-training.ca\/francais\/services\/","title":{"rendered":""},"content":{"rendered":"\n<div class=\"wp-block-columns is-layout-flex wp-container-core-columns-is-layout-9d6595d7 wp-block-columns-is-layout-flex\">\n<div class=\"wp-block-column is-layout-flow wp-block-column-is-layout-flow\" style=\"flex-basis:33.33%\"><div class=\"wp-block-image\">\n<figure class=\"alignright size-medium\"><img fetchpriority=\"high\" decoding=\"async\" width=\"300\" height=\"300\" src=\"https:\/\/trustmakers-training.ca\/francais\/wp-content\/uploads\/2025\/05\/TMnorthFR2-300x300.png\" alt=\"\" class=\"wp-image-4362\" srcset=\"https:\/\/trustmakers-training.ca\/francais\/wp-content\/uploads\/2025\/05\/TMnorthFR2-300x300.png 300w, https:\/\/trustmakers-training.ca\/francais\/wp-content\/uploads\/2025\/05\/TMnorthFR2-1024x1024.png 1024w, https:\/\/trustmakers-training.ca\/francais\/wp-content\/uploads\/2025\/05\/TMnorthFR2-150x150.png 150w, https:\/\/trustmakers-training.ca\/francais\/wp-content\/uploads\/2025\/05\/TMnorthFR2-768x768.png 768w, https:\/\/trustmakers-training.ca\/francais\/wp-content\/uploads\/2025\/05\/TMnorthFR2-1536x1536.png 1536w, https:\/\/trustmakers-training.ca\/francais\/wp-content\/uploads\/2025\/05\/TMnorthFR2-2048x2048.png 2048w\" sizes=\"(max-width: 300px) 100vw, 300px\" \/><\/figure>\n<\/div><\/div>\n\n\n\n<div class=\"wp-block-column is-layout-flow wp-block-column-is-layout-flow\" style=\"flex-basis:66.66%\">\n<h2 class=\"wp-block-heading has-text-align-center has-text-color has-link-color wp-elements-dee4ca70ffd7fb564d117755f2150855\" style=\"color:#00abca\"><strong>Services de communications tactiques<\/strong> <strong>et r\u00e9fl\u00e9chies<\/strong><\/h2>\n\n\n\n<hr class=\"wp-block-separator has-alpha-channel-opacity\"\/>\n\n\n\n<p class=\"has-text-align-center has-medium-font-size\">Les strat\u00e9gies peuvent souvent \u00eatre vagues, abstraites et peu pratiques. Mais l\u2019absence de strat\u00e9gie peut r\u00e9sulter en des contenus ad hoc et d\u00e9connect\u00e9s. Dans les deux cas, vous pouvez d\u00e9penser beaucoup d&rsquo;argent pour obtenir des r\u00e9sultats incoh\u00e9rents, impr\u00e9visibles ou absents.<\/p>\n\n\n\n<hr class=\"wp-block-separator has-alpha-channel-opacity\"\/>\n\n\n\n<h3 class=\"wp-block-heading has-text-align-center has-text-color has-link-color wp-elements-41864816578f9dcc33b83aa6afd80546\" style=\"color:#004562\"><strong>Nous \u00e9laborons et ex\u00e9cutons des plans tactiques cibl\u00e9s et r\u00e9fl\u00e9chis avec des id\u00e9es et des objectifs clairs. Nous vous aidons \u00e0 \u00e9viter \u00e0 la fois les \u00ab strat\u00e9gies ambitieuses \u00bb et les communications \u00ab \u00e9parpill\u00e9es \u00bb.<\/strong><\/h3>\n<\/div>\n<\/div>\n\n\n\n<div class=\"wp-block-columns is-layout-flex wp-container-core-columns-is-layout-9d6595d7 wp-block-columns-is-layout-flex\">\n<div class=\"wp-block-column is-layout-flow wp-block-column-is-layout-flow\" style=\"flex-basis:33.33%\"><div class=\"wp-block-image\">\n<figure class=\"alignright size-large\"><img decoding=\"async\" width=\"1024\" height=\"849\" src=\"https:\/\/trustmakers-training.ca\/francais\/wp-content\/uploads\/2024\/12\/canadamapFR-1024x849.png\" alt=\"Communication claire et authentique\" class=\"wp-image-3978\" srcset=\"https:\/\/trustmakers-training.ca\/francais\/wp-content\/uploads\/2024\/12\/canadamapFR-1024x849.png 1024w, https:\/\/trustmakers-training.ca\/francais\/wp-content\/uploads\/2024\/12\/canadamapFR-300x249.png 300w, https:\/\/trustmakers-training.ca\/francais\/wp-content\/uploads\/2024\/12\/canadamapFR-768x636.png 768w, https:\/\/trustmakers-training.ca\/francais\/wp-content\/uploads\/2024\/12\/canadamapFR-1536x1273.png 1536w, https:\/\/trustmakers-training.ca\/francais\/wp-content\/uploads\/2024\/12\/canadamapFR-2048x1697.png 2048w\" sizes=\"(max-width: 1024px) 100vw, 1024px\" \/><\/figure>\n<\/div>\n\n\n<div style=\"height:52px\" aria-hidden=\"true\" class=\"wp-block-spacer\"><\/div>\n\n\n\n<div class=\"wp-block-buttons is-content-justification-center is-layout-flex wp-container-core-buttons-is-layout-16018d1d wp-block-buttons-is-layout-flex\">\n<div class=\"wp-block-button is-style-outline is-style-outline--1\"><a class=\"wp-block-button__link has-white-color has-text-color has-background has-link-color wp-element-button\" href=\"https:\/\/trustmakers-training.ca\/francais\/contact-2\/\" style=\"background-color:#00abca\"><strong>Contactez-nous<\/strong><\/a><\/div>\n<\/div>\n<\/div>\n\n\n\n<div class=\"wp-block-column is-layout-flow wp-block-column-is-layout-flow\" style=\"flex-basis:66.66%\">\n<h3 class=\"wp-block-heading has-text-color has-link-color has-medium-font-size wp-elements-60d1417c35b478536f78c9d2731cb86c\" style=\"color:#00abca\"><strong>Relations avec les m\u00e9dias<\/strong><\/h3>\n\n\n\n<p>Sensibilisation proactive des m\u00e9dias \u25ca Services de porte-parole \u25ca Produits de communications avec les m\u00e9dias \u25ca Formation pour les porte-parole<\/p>\n\n\n\n<h3 class=\"wp-block-heading has-text-color has-link-color wp-elements-a84007336f9180d72efbd8e145aa105d\" style=\"color:#00abca\"><strong>Allocutions et pr\u00e9sentations<\/strong><\/h3>\n\n\n\n<p>R\u00e9daction de discours \u25ca Pr\u00e9sentations multim\u00e9dias \u25ca Formation \u00e0 la prise de parole en public et \u00e0 la pr\u00e9sentation<\/p>\n\n\n\n<h3 class=\"wp-block-heading has-text-color has-link-color wp-elements-0bb339fb881832b699cb4fc1bcf6b237\" style=\"color:#00abca\"><strong>Communications STIM<\/strong><\/h3>\n\n\n\n<p>R\u00e9daction scientifique et technique \u25ca R\u00e9vision (langage clair) \u25ca Livres blancs<\/p>\n\n\n\n<h3 class=\"wp-block-heading has-text-color has-link-color wp-elements-f8abd30477e3606a40f23c7483c3bfb4\" style=\"color:#00abca\"><strong>Marketing, outils multim\u00e9dias et conception<\/strong><\/h3>\n\n\n\n<p>Conception graphique \u25ca Messages de marque \u25ca R\u00e9daction \u25ca Contenu multim\u00e9dia a\/v<\/p>\n\n\n\n<h3 class=\"wp-block-heading has-text-color has-link-color wp-elements-1cc06221dad1048a33e627dedaa7ccb2\" style=\"color:#00abca\"><strong>Communication institutionnelle<\/strong><\/h3>\n\n\n\n<p>Communication pour appuyer la gestion de projet \u25ca Communication pour soutenir la gestion du changement \u25ca Pr\u00e9paration \u00e0 la r\u00e9ponse aux crises \u25ca Lignes directrices et politiques \u25ca Contenu et outils de gestion d\u2019enjeux \u25ca Formation en communication de crise<\/p>\n<\/div>\n<\/div>\n\n\n\n<h3 class=\"wp-block-heading has-text-align-center has-text-color has-link-color wp-elements-20438dcb0ac96a9cea35f15e52702e55\" style=\"color:#004562\"><strong>Un lien \u00e0 long terme avec les clients ou les intervenants, fond\u00e9 sur la confiance, a beaucoup plus de valeur qu&rsquo;un gain \u00e0 court terme<\/strong>.<\/h3>\n\n\n\n<p class=\"has-text-align-center has-medium-font-size\">Si votre objectif est d&rsquo;obtenir du soutien par une communication claire, authentique, directe et honn\u00eate, nous pouvons vous aider \u00e0 accomplir la mission.<\/p>\n","protected":false},"excerpt":{"rendered":"<p>Services de communications tactiques et r\u00e9fl\u00e9chies Les strat\u00e9gies peuvent souvent \u00eatre vagues, abstraites et peu pratiques. Mais l\u2019absence de strat\u00e9gie peut r\u00e9sulter en des contenus ad hoc et d\u00e9connect\u00e9s. Dans les deux cas, vous pouvez d\u00e9penser beaucoup d&rsquo;argent pour obtenir des r\u00e9sultats incoh\u00e9rents, impr\u00e9visibles ou absents. Nous \u00e9laborons et ex\u00e9cutons des plans tactiques cibl\u00e9s et<br \/><a class=\"moretag\" href=\"https:\/\/trustmakers-training.ca\/francais\/services\/\">+ En savoir plus<\/a><\/p>\n","protected":false},"author":1,"featured_media":0,"parent":0,"menu_order":0,"comment_status":"closed","ping_status":"closed","template":"template_parts\/page-fullwidth_template.php","meta":{"footnotes":""},"class_list":["post-3976","page","type-page","status-publish","hentry"],"_links":{"self":[{"href":"https:\/\/trustmakers-training.ca\/francais\/wp-json\/wp\/v2\/pages\/3976","targetHints":{"allow":["GET"]}}],"collection":[{"href":"https:\/\/trustmakers-training.ca\/francais\/wp-json\/wp\/v2\/pages"}],"about":[{"href":"https:\/\/trustmakers-training.ca\/francais\/wp-json\/wp\/v2\/types\/page"}],"author":[{"embeddable":true,"href":"https:\/\/trustmakers-training.ca\/francais\/wp-json\/wp\/v2\/users\/1"}],"replies":[{"embeddable":true,"href":"https:\/\/trustmakers-training.ca\/francais\/wp-json\/wp\/v2\/comments?post=3976"}],"version-history":[{"count":11,"href":"https:\/\/trustmakers-training.ca\/francais\/wp-json\/wp\/v2\/pages\/3976\/revisions"}],"predecessor-version":[{"id":4363,"href":"https:\/\/trustmakers-training.ca\/francais\/wp-json\/wp\/v2\/pages\/3976\/revisions\/4363"}],"wp:attachment":[{"href":"https:\/\/trustmakers-training.ca\/francais\/wp-json\/wp\/v2\/media?parent=3976"}],"curies":[{"name":"wp","href":"https:\/\/api.w.org\/{rel}","templated":true}]}}