{"id":3774,"date":"2024-12-19T17:32:50","date_gmt":"2024-12-19T17:32:50","guid":{"rendered":"https:\/\/trustmakers-training.ca\/francais\/?page_id=3774"},"modified":"2025-03-14T18:42:21","modified_gmt":"2025-03-14T18:42:21","slug":"reconnaissance-des-territoires","status":"publish","type":"page","link":"https:\/\/trustmakers-training.ca\/francais\/a-notre-sujet\/reconnaissance-des-territoires\/","title":{"rendered":""},"content":{"rendered":"\n<h2 class=\"wp-block-heading has-text-align-center has-large-font-size\">Reconnaissance des territoires<\/h2>\n\n\n\n<div class=\"wp-block-columns is-layout-flex wp-container-core-columns-is-layout-9d6595d7 wp-block-columns-is-layout-flex\">\n<div class=\"wp-block-column is-layout-flow wp-block-column-is-layout-flow\">\n<figure class=\"wp-block-image size-large\"><img fetchpriority=\"high\" decoding=\"async\" width=\"1024\" height=\"576\" src=\"https:\/\/trustmakers-training.ca\/francais\/wp-content\/uploads\/2024\/12\/tj-holowaychuk-1WsXO474EDU-unsplash-1024x576.jpg\" alt=\"\" class=\"wp-image-3775\" srcset=\"https:\/\/trustmakers-training.ca\/francais\/wp-content\/uploads\/2024\/12\/tj-holowaychuk-1WsXO474EDU-unsplash-1024x576.jpg 1024w, https:\/\/trustmakers-training.ca\/francais\/wp-content\/uploads\/2024\/12\/tj-holowaychuk-1WsXO474EDU-unsplash-300x169.jpg 300w, https:\/\/trustmakers-training.ca\/francais\/wp-content\/uploads\/2024\/12\/tj-holowaychuk-1WsXO474EDU-unsplash-768x432.jpg 768w, https:\/\/trustmakers-training.ca\/francais\/wp-content\/uploads\/2024\/12\/tj-holowaychuk-1WsXO474EDU-unsplash-1536x864.jpg 1536w, https:\/\/trustmakers-training.ca\/francais\/wp-content\/uploads\/2024\/12\/tj-holowaychuk-1WsXO474EDU-unsplash-2048x1152.jpg 2048w\" sizes=\"(max-width: 1024px) 100vw, 1024px\" \/><\/figure>\n\n\n\n<p class=\"has-text-align-center has-small-font-size\">Photo by&nbsp;<a href=\"https:\/\/unsplash.com\/@tjholowaychuk?utm_content=creditCopyText&amp;utm_medium=referral&amp;utm_source=unsplash\" target=\"_blank\" rel=\"noreferrer noopener\">Tj Holowaychuk<\/a><\/p>\n\n\n<div class=\"wp-block-image\">\n<figure class=\"aligncenter size-large\"><img decoding=\"async\" width=\"1024\" height=\"550\" src=\"https:\/\/trustmakers-training.ca\/francais\/wp-content\/uploads\/2024\/12\/pondinlet-isaac-demeester-84Xh6xKIVyA-unsplash-1024x550.jpg\" alt=\"\" class=\"wp-image-3776\" srcset=\"https:\/\/trustmakers-training.ca\/francais\/wp-content\/uploads\/2024\/12\/pondinlet-isaac-demeester-84Xh6xKIVyA-unsplash-1024x550.jpg 1024w, https:\/\/trustmakers-training.ca\/francais\/wp-content\/uploads\/2024\/12\/pondinlet-isaac-demeester-84Xh6xKIVyA-unsplash-300x161.jpg 300w, https:\/\/trustmakers-training.ca\/francais\/wp-content\/uploads\/2024\/12\/pondinlet-isaac-demeester-84Xh6xKIVyA-unsplash-768x413.jpg 768w, https:\/\/trustmakers-training.ca\/francais\/wp-content\/uploads\/2024\/12\/pondinlet-isaac-demeester-84Xh6xKIVyA-unsplash-1536x825.jpg 1536w, https:\/\/trustmakers-training.ca\/francais\/wp-content\/uploads\/2024\/12\/pondinlet-isaac-demeester-84Xh6xKIVyA-unsplash-2048x1101.jpg 2048w\" sizes=\"(max-width: 1024px) 100vw, 1024px\" \/><\/figure>\n<\/div>\n\n\n<p class=\"has-text-align-center has-small-font-size\">Photo by&nbsp;<a href=\"https:\/\/unsplash.com\/@damononroad?utm_content=creditCopyText&amp;utm_medium=referral&amp;utm_source=unsplash\" target=\"_blank\" rel=\"noreferrer noopener\">Damon On Road<\/a><\/p>\n<\/div>\n\n\n\n<div class=\"wp-block-column is-layout-flow wp-block-column-is-layout-flow\">\n<p class=\"has-text-align-center has-medium-font-size\">Nous travaillons avec des clients dans toutes les r\u00e9gions du Canada. Nous reconnaissons que ces terres assurent la pr\u00e9sence durable des Premi\u00e8res Nations, des M\u00e9tis et des Inuits.<\/p>\n\n\n\n<p class=\"has-text-align-center has-medium-font-size\">Rutherford McKay Associates Inc. tient \u00e0 reconna\u00eetre que ses si\u00e8ges sociaux sont situ\u00e9s sur le territoire non c\u00e9d\u00e9 de la Nation anichinab\u00e9e algonquine, pr\u00e9sente en ces lieux depuis des temps imm\u00e9moriaux.&nbsp;<\/p>\n\n\n\n<p class=\"has-text-align-center has-medium-font-size\">Nous travaillons avec de nombreuses organisations au Nunavut sur des terres couvertes par l&rsquo;Accord du Nunavut et situ\u00e9es dans l&rsquo;Inuit Nunangat.<\/p>\n<\/div>\n\n\n\n<div class=\"wp-block-column is-layout-flow wp-block-column-is-layout-flow\">\n<p class=\"has-text-align-center\">Nous sommes fiers commanditaires mensuels de<\/p>\n\n\n<div class=\"wp-block-image\">\n<figure class=\"aligncenter size-medium\"><a href=\"https:\/\/indspire.ca\/fr\/\" target=\"_blank\" rel=\" noreferrer noopener\"><img decoding=\"async\" width=\"300\" height=\"248\" src=\"https:\/\/trustmakers-training.ca\/francais\/wp-content\/uploads\/2025\/03\/IndspireLogo-1-300x248.png\" alt=\"\" class=\"wp-image-4311\" srcset=\"https:\/\/trustmakers-training.ca\/francais\/wp-content\/uploads\/2025\/03\/IndspireLogo-1-300x248.png 300w, https:\/\/trustmakers-training.ca\/francais\/wp-content\/uploads\/2025\/03\/IndspireLogo-1-1024x847.png 1024w, https:\/\/trustmakers-training.ca\/francais\/wp-content\/uploads\/2025\/03\/IndspireLogo-1-768x636.png 768w, https:\/\/trustmakers-training.ca\/francais\/wp-content\/uploads\/2025\/03\/IndspireLogo-1.png 1282w\" sizes=\"(max-width: 300px) 100vw, 300px\" \/><\/a><\/figure>\n<\/div><\/div>\n<\/div>\n","protected":false},"excerpt":{"rendered":"<p>Reconnaissance des territoires Photo by&nbsp;Tj Holowaychuk Photo by&nbsp;Damon On Road Nous travaillons avec des clients dans toutes les r\u00e9gions du Canada. Nous reconnaissons que ces terres assurent la pr\u00e9sence durable des Premi\u00e8res Nations, des M\u00e9tis et des Inuits. Rutherford McKay Associates Inc. tient \u00e0 reconna\u00eetre que ses si\u00e8ges sociaux sont situ\u00e9s sur le territoire non<br \/><a class=\"moretag\" href=\"https:\/\/trustmakers-training.ca\/francais\/a-notre-sujet\/reconnaissance-des-territoires\/\">+ En savoir plus<\/a><\/p>\n","protected":false},"author":1,"featured_media":0,"parent":77,"menu_order":0,"comment_status":"closed","ping_status":"closed","template":"template_parts\/page-fullwidth_template.php","meta":{"footnotes":""},"class_list":["post-3774","page","type-page","status-publish","hentry"],"_links":{"self":[{"href":"https:\/\/trustmakers-training.ca\/francais\/wp-json\/wp\/v2\/pages\/3774","targetHints":{"allow":["GET"]}}],"collection":[{"href":"https:\/\/trustmakers-training.ca\/francais\/wp-json\/wp\/v2\/pages"}],"about":[{"href":"https:\/\/trustmakers-training.ca\/francais\/wp-json\/wp\/v2\/types\/page"}],"author":[{"embeddable":true,"href":"https:\/\/trustmakers-training.ca\/francais\/wp-json\/wp\/v2\/users\/1"}],"replies":[{"embeddable":true,"href":"https:\/\/trustmakers-training.ca\/francais\/wp-json\/wp\/v2\/comments?post=3774"}],"version-history":[{"count":6,"href":"https:\/\/trustmakers-training.ca\/francais\/wp-json\/wp\/v2\/pages\/3774\/revisions"}],"predecessor-version":[{"id":4317,"href":"https:\/\/trustmakers-training.ca\/francais\/wp-json\/wp\/v2\/pages\/3774\/revisions\/4317"}],"up":[{"embeddable":true,"href":"https:\/\/trustmakers-training.ca\/francais\/wp-json\/wp\/v2\/pages\/77"}],"wp:attachment":[{"href":"https:\/\/trustmakers-training.ca\/francais\/wp-json\/wp\/v2\/media?parent=3774"}],"curies":[{"name":"wp","href":"https:\/\/api.w.org\/{rel}","templated":true}]}}