{"id":3712,"date":"2024-09-27T22:33:32","date_gmt":"2024-09-27T22:33:32","guid":{"rendered":"https:\/\/trustmakers-training.ca\/francais\/?page_id=3712"},"modified":"2025-10-09T18:57:56","modified_gmt":"2025-10-09T18:57:56","slug":"lapprovisionnement-en-toute-simplicite","status":"publish","type":"page","link":"https:\/\/trustmakers-training.ca\/francais\/lapprovisionnement-en-toute-simplicite\/","title":{"rendered":"L&rsquo;approvisionnement en toute simplicit\u00e9"},"content":{"rendered":"\n<p><strong>Les processus d&rsquo;approvisionnement et de passation de march\u00e9s peuvent souvent \u00eatre longs et compliqu\u00e9s. Nous avons travaill\u00e9 dur pour mettre en place des outils d&rsquo;approvisionnement qui peuvent vous aider \u00e0 acc\u00e9der facilement et efficacement \u00e0 nos services.&nbsp;<\/strong><\/p>\n\n\n\n<figure class=\"wp-block-table\"><table class=\"has-fixed-layout\"><tbody><tr><td><em>Cartes de cr\u00e9dit d&rsquo;entreprise<\/em><br>De nombreux clients utilisent simplement l&rsquo;option de carte de cr\u00e9dit parce que nos prix sont g\u00e9n\u00e9ralement inf\u00e9rieurs aux limites de carte de cr\u00e9dit d&rsquo;entreprise et aux seuils de fournisseur unique.<\/td><\/tr><\/tbody><\/table><\/figure>\n\n\n\n<h2 class=\"wp-block-heading\" id=\"el_1689011325443_489\">Offres \u00e0 commandes, fournisseur attitr\u00e9 et arrangements en mati\u00e8re d&rsquo;approvisionnement<\/h2>\n\n\n\n<p>Nous avons \u00e9galement de nombreuses offres \u00e0 commandes, des arrangements de fournisseurs officiels, des arrangements d&rsquo;approvisionnement et d&rsquo;autres m\u00e9canismes qui sont \u00e0 votre disposition. Ces ententes sont conclues entre l&rsquo;acheteur et Rutherford McKay Associates Inc. (alias Trustmakers \/ Artisans de la confiance).<\/p>\n\n\n\n<p>Ces m\u00e9canismes peuvent \u00eatre utilis\u00e9s par les personnes et organisations de la fonction publique, le secteur parapublic et le secteur sans but lucratif :<\/p>\n\n\n\n<div class=\"wp-block-columns is-layout-flex wp-container-core-columns-is-layout-9d6595d7 wp-block-columns-is-layout-flex\">\n<div class=\"wp-block-column is-layout-flow wp-block-column-is-layout-flow\">\n<h3 class=\"wp-block-heading\" id=\"el_1689011403005_531\">Gouvernement du Canada&nbsp;<\/h3>\n\n\n\n<p><strong><a href=\"https:\/\/www.tpsgc-pwgsc.gc.ca\/app-acq\/spc-cps\/spc-cps-fra.html\" target=\"_blank\" rel=\"noreferrer noopener\">1. ProServices<\/a><\/strong><\/p>\n\n\n\n<p>Formation et services de consultation en communications offerts dans le cadre du volet 10 \u2013 Services de gestion de projet, cat\u00e9gorie 10.11 Conseiller en communications<\/p>\n\n\n\n<p>2. Nous avons \u00e9galement des offres \u00e0 commandes et d&rsquo;autres ententes contractuelles avec :<\/p>\n\n\n\n<ul class=\"wp-block-list\">\n<li>Agriculture et Agroalimentaire Canada<\/li>\n\n\n\n<li>V\u00e9rificatrice g\u00e9n\u00e9rale du Canada<\/li>\n\n\n\n<li>Agence canadienne d&rsquo;inspection des aliments<\/li>\n\n\n\n<li>\u00c9lections Canada<\/li>\n\n\n\n<li>Sant\u00e9 Canada<\/li>\n\n\n\n<li>Agence d&rsquo;\u00e9valuation d&rsquo;impact du Canada<\/li>\n\n\n\n<li>Ressources naturelles Canada<\/li>\n\n\n\n<li>Bureau de l&rsquo;ombudsman des v\u00e9t\u00e9rans<\/li>\n\n\n\n<li>Agence de la sant\u00e9 publique<\/li>\n\n\n\n<li>Service correctionnel Canada<\/li>\n\n\n\n<li>Services aux Autochtones Canada<\/li>\n\n\n\n<li>Innovation, Sciences et D\u00e9veloppement \u00e9conomique Canada<\/li>\n<\/ul>\n\n\n\n<h3 class=\"wp-block-heading\" id=\"el_1689012305383_774\">Gouvernement du Nunavut<\/h3>\n\n\n\n<p><strong>RFP 2023-18, SOA, Development and Delivery of Professional Development, Occupational and Computer Courses, Nunavut (\u00c9laboration et mise en \u0153uvre de cours de d\u00e9veloppement professionnel, de cours professionnels et de cours d&rsquo;informatique, Nunavut)<\/strong><\/p>\n\n\n\n<ol class=\"wp-block-list\">\n<li>Rutherford McKay Associates Inc. est un fournisseur de formation offerte par<a href=\"mailto:training@gov.nu.ca\"><strong>la Division de la formation de la fonction publique<\/strong><\/a> du minist\u00e8re des Ressources humaines.&nbsp;<\/li>\n\n\n\n<li>Les minist\u00e8res et organismes du gouvernement du Nunavut continuent \u00e9galement de conclure des ententes directement avec nous pour offrir des services de formation \u00e0 leurs dirigeants et \u00e0 leur personnel (<a href=\"https:\/\/trustmakers-training.ca\/francais\/contact-2\/\">communiquez avec nous<\/a> pour prendre des dispositions).<\/li>\n<\/ol>\n<\/div>\n\n\n\n<div class=\"wp-block-column is-layout-flow wp-block-column-is-layout-flow\">\n<h3 class=\"wp-block-heading\" id=\"el_1689011749959_621\">Gouvernement de l&rsquo;Ontario : Approvisionnement Ontario<\/h3>\n\n\n\n<p><strong><a href=\"https:\/\/www.ontario.ca\/fr\/page\/faire-affaire-avec-le-gouvernement-de-lontario#section-5\" target=\"_blank\" rel=\"noreferrer noopener\">Approvisionnement Ontario &#8211; Fournisseur attitr\u00e9 en mati\u00e8re d&rsquo;apprentissage, de formation, de recherche et d&rsquo;\u00e9valuation (appel d&rsquo;offres 17815)<\/a><\/strong><\/p>\n\n\n\n<p>Si vous \u00eates membre de la fonction publique de l&rsquo;Ontario ou du secteur parapublic (voir ci-dessous), vous pouvez acc\u00e9der aux services de Rutherford McKay Associates (alias Trustmakers) par l&rsquo;entremise de cette entente avec les fournisseurs attitr\u00e9s.<\/p>\n\n\n\n<p><strong>Organismes d\u00e9j\u00e0 inscrits aupr\u00e8s de Approvisionnements Ontario et en mesure d&rsquo;utiliser leurs arrangements :&nbsp;<\/strong><\/p>\n\n\n\n<ul class=\"wp-block-list\">\n<li>Municipalit\u00e9s (cit\u00e9s, villages, comt\u00e9s, cantons)<\/li>\n\n\n\n<li>Coll\u00e8ges et universit\u00e9s<\/li>\n\n\n\n<li>Conseils scolaires et \u00e9coles<\/li>\n\n\n\n<li>Organismes sans but lucratif<\/li>\n\n\n\n<li>Agences<\/li>\n\n\n\n<li>Exploitants du r\u00e9seau d&rsquo;\u00e9lectricit\u00e9<\/li>\n\n\n\n<li>Services de police<\/li>\n\n\n\n<li>Services \u00e0 l&rsquo;enfance et \u00e0 la famille et les organismes d&rsquo;int\u00e9gration communautaire<\/li>\n\n\n\n<li>Organismes de sant\u00e9 et de services sociaux<\/li>\n\n\n\n<li>Biblioth\u00e8ques publiques<\/li>\n\n\n\n<li>Op\u00e9rateurs\/autorit\u00e9s de transport public<\/li>\n\n\n\n<li>Organismes de sport<\/li>\n\n\n\n<li>Offices de protection de la nature<\/li>\n<\/ul>\n\n\n\n<h3 class=\"wp-block-heading\" id=\"el_1711369530051_400\">Gouvernement du Yukon<\/h3>\n\n\n\n<p><strong>Liste de pr\u00e9qualification<\/strong><\/p>\n\n\n\n<p><em>RFQ-2023-9-2923 &#8211; Design and Delivery of Professional Development Courses for YG employees. <\/em>Nous sommes list\u00e9s dans la cat\u00e9gorie Capacit\u00e9s du secteur public. Pour plus d&rsquo;informations, contactez la Commission du service public:\u00a0pscwebsite@yukon.ca,\u00a0867-667-5653, ou consulter <a href=\"https:\/\/find-employee.service.yukon.ca\/fr\/find-employee\/Public-Service-Commission\/People-and-Culture\/Organizational-Development\" target=\"_blank\" rel=\"noreferrer noopener\">l&rsquo;annuaire du personnel<\/a>.<\/p>\n<\/div>\n<\/div>\n\n\n\n<p><\/p>\n","protected":false},"excerpt":{"rendered":"<p>Les processus d&rsquo;approvisionnement et de passation de march\u00e9s peuvent souvent \u00eatre longs et compliqu\u00e9s. Nous avons travaill\u00e9 dur pour mettre en place des outils d&rsquo;approvisionnement qui peuvent vous aider \u00e0 acc\u00e9der facilement et efficacement \u00e0 nos services.&nbsp; Cartes de cr\u00e9dit d&rsquo;entrepriseDe nombreux clients utilisent simplement l&rsquo;option de carte de cr\u00e9dit parce que nos prix sont<br \/><a class=\"moretag\" href=\"https:\/\/trustmakers-training.ca\/francais\/lapprovisionnement-en-toute-simplicite\/\">+ En savoir plus<\/a><\/p>\n","protected":false},"author":1,"featured_media":0,"parent":0,"menu_order":0,"comment_status":"closed","ping_status":"closed","template":"template_parts\/page-fullwidth_template.php","meta":{"footnotes":""},"class_list":["post-3712","page","type-page","status-publish","hentry"],"_links":{"self":[{"href":"https:\/\/trustmakers-training.ca\/francais\/wp-json\/wp\/v2\/pages\/3712","targetHints":{"allow":["GET"]}}],"collection":[{"href":"https:\/\/trustmakers-training.ca\/francais\/wp-json\/wp\/v2\/pages"}],"about":[{"href":"https:\/\/trustmakers-training.ca\/francais\/wp-json\/wp\/v2\/types\/page"}],"author":[{"embeddable":true,"href":"https:\/\/trustmakers-training.ca\/francais\/wp-json\/wp\/v2\/users\/1"}],"replies":[{"embeddable":true,"href":"https:\/\/trustmakers-training.ca\/francais\/wp-json\/wp\/v2\/comments?post=3712"}],"version-history":[{"count":5,"href":"https:\/\/trustmakers-training.ca\/francais\/wp-json\/wp\/v2\/pages\/3712\/revisions"}],"predecessor-version":[{"id":4413,"href":"https:\/\/trustmakers-training.ca\/francais\/wp-json\/wp\/v2\/pages\/3712\/revisions\/4413"}],"wp:attachment":[{"href":"https:\/\/trustmakers-training.ca\/francais\/wp-json\/wp\/v2\/media?parent=3712"}],"curies":[{"name":"wp","href":"https:\/\/api.w.org\/{rel}","templated":true}]}}