{"id":3286,"date":"2024-09-25T15:19:52","date_gmt":"2024-09-25T15:19:52","guid":{"rendered":"https:\/\/trustmakers-training.ca\/?page_id=3286"},"modified":"2025-01-05T15:59:33","modified_gmt":"2025-01-05T15:59:33","slug":"cours","status":"publish","type":"page","link":"https:\/\/trustmakers-training.ca\/francais\/cours\/","title":{"rendered":"Cours"},"content":{"rendered":"\t\t<div data-elementor-type=\"wp-page\" data-elementor-id=\"3286\" class=\"elementor elementor-3286\">\n\t\t\t\t<div class=\"elementor-element elementor-element-3a1252ff e-flex e-con-boxed e-con e-parent\" data-id=\"3a1252ff\" data-element_type=\"container\">\n\t\t\t\t\t<div class=\"e-con-inner\">\n\t\t\t\t<div class=\"elementor-element elementor-element-4b01408 elementor-widget elementor-widget-image\" data-id=\"4b01408\" data-element_type=\"widget\" data-widget_type=\"image.default\">\n\t\t\t\t<div class=\"elementor-widget-container\">\n\t\t\t\t\t\t\t\t\t\t\t\t\t<img decoding=\"async\" width=\"300\" height=\"94\" src=\"https:\/\/trustmakers-training.ca\/francais\/wp-content\/uploads\/2025\/01\/AClogo-horz-fr-300x94.png\" class=\"attachment-medium size-medium wp-image-4196\" alt=\"La premi\u00e8re entreprise ax\u00e9e sur la confiance par la communication\" srcset=\"https:\/\/trustmakers-training.ca\/francais\/wp-content\/uploads\/2025\/01\/AClogo-horz-fr-300x94.png 300w, https:\/\/trustmakers-training.ca\/francais\/wp-content\/uploads\/2025\/01\/AClogo-horz-fr-1024x320.png 1024w, https:\/\/trustmakers-training.ca\/francais\/wp-content\/uploads\/2025\/01\/AClogo-horz-fr-768x240.png 768w, https:\/\/trustmakers-training.ca\/francais\/wp-content\/uploads\/2025\/01\/AClogo-horz-fr-1536x481.png 1536w, https:\/\/trustmakers-training.ca\/francais\/wp-content\/uploads\/2025\/01\/AClogo-horz-fr-e1735746419527.png 400w\" sizes=\"(max-width: 300px) 100vw, 300px\" \/>\t\t\t\t\t\t\t\t\t\t\t\t\t<\/div>\n\t\t\t\t<\/div>\n\t\t\t\t<div class=\"elementor-element elementor-element-2434462 elementor-widget elementor-widget-spacer\" data-id=\"2434462\" data-element_type=\"widget\" data-widget_type=\"spacer.default\">\n\t\t\t\t<div class=\"elementor-widget-container\">\n\t\t\t\t\t<div class=\"elementor-spacer\">\n\t\t\t<div class=\"elementor-spacer-inner\"><\/div>\n\t\t<\/div>\n\t\t\t\t<\/div>\n\t\t\t\t<\/div>\n\t\t\t\t\t<\/div>\n\t\t\t\t<\/div>\n\t\t<div class=\"elementor-element elementor-element-a36be2d e-flex e-con-boxed e-con e-parent\" data-id=\"a36be2d\" data-element_type=\"container\" data-settings=\"{&quot;background_background&quot;:&quot;classic&quot;}\">\n\t\t\t\t\t<div class=\"e-con-inner\">\n\t\t<div class=\"elementor-element elementor-element-683cf34 e-grid e-con-full e-con e-child\" data-id=\"683cf34\" data-element_type=\"container\" data-settings=\"{&quot;background_background&quot;:&quot;classic&quot;}\">\n\t\t\t\t<div class=\"elementor-element elementor-element-739a9ee elementor-align-center elementor-widget elementor-widget-button\" data-id=\"739a9ee\" data-element_type=\"widget\" data-widget_type=\"button.default\">\n\t\t\t\t<div class=\"elementor-widget-container\">\n\t\t\t\t\t\t\t<div class=\"elementor-button-wrapper\">\n\t\t\t\t\t<a class=\"elementor-button elementor-button-link elementor-size-sm\" href=\"https:\/\/trustmakers-training.ca\/francais\/accueil\/\">\n\t\t\t\t\t\t<span class=\"elementor-button-content-wrapper\">\n\t\t\t\t\t\t\t\t\t<span class=\"elementor-button-text\">Accueil<\/span>\n\t\t\t\t\t<\/span>\n\t\t\t\t\t<\/a>\n\t\t\t\t<\/div>\n\t\t\t\t\t\t<\/div>\n\t\t\t\t<\/div>\n\t\t\t\t<div class=\"elementor-element elementor-element-cd5a31a elementor-align-center elementor-widget elementor-widget-button\" data-id=\"cd5a31a\" data-element_type=\"widget\" data-widget_type=\"button.default\">\n\t\t\t\t<div class=\"elementor-widget-container\">\n\t\t\t\t\t\t\t<div class=\"elementor-button-wrapper\">\n\t\t\t\t\t<a class=\"elementor-button elementor-button-link elementor-size-sm\" href=\"https:\/\/trustmakers-training.ca\/francais\/a-notre-sujet\/\">\n\t\t\t\t\t\t<span class=\"elementor-button-content-wrapper\">\n\t\t\t\t\t\t\t\t\t<span class=\"elementor-button-text\">\u00c0 notre sujet<\/span>\n\t\t\t\t\t<\/span>\n\t\t\t\t\t<\/a>\n\t\t\t\t<\/div>\n\t\t\t\t\t\t<\/div>\n\t\t\t\t<\/div>\n\t\t\t\t<div class=\"elementor-element elementor-element-6b466ba elementor-align-center elementor-widget elementor-widget-button\" data-id=\"6b466ba\" data-element_type=\"widget\" data-widget_type=\"button.default\">\n\t\t\t\t<div class=\"elementor-widget-container\">\n\t\t\t\t\t\t\t<div class=\"elementor-button-wrapper\">\n\t\t\t\t\t<a class=\"elementor-button elementor-button-link elementor-size-sm\" href=\"https:\/\/trustmakers-training.ca\/francais\/cours\/\">\n\t\t\t\t\t\t<span class=\"elementor-button-content-wrapper\">\n\t\t\t\t\t\t\t\t\t<span class=\"elementor-button-text\">Cours<\/span>\n\t\t\t\t\t<\/span>\n\t\t\t\t\t<\/a>\n\t\t\t\t<\/div>\n\t\t\t\t\t\t<\/div>\n\t\t\t\t<\/div>\n\t\t\t\t<div class=\"elementor-element elementor-element-ec994a9 elementor-widget elementor-widget-text-editor\" data-id=\"ec994a9\" data-element_type=\"widget\" data-widget_type=\"text-editor.default\">\n\t\t\t\t<div class=\"elementor-widget-container\">\n\t\t\t\t\t\t\t<p style=\"text-align: center;\"><a href=\"https:\/\/trustmakers-training.ca\/francais\/services\/\"><strong><span style=\"font-size: 14px; color: #ffffff;\">Services<\/span><\/strong><\/a><\/p>\t\t\t\t\t\t<\/div>\n\t\t\t\t<\/div>\n\t\t\t\t<div class=\"elementor-element elementor-element-1693692 elementor-align-center elementor-widget elementor-widget-button\" data-id=\"1693692\" data-element_type=\"widget\" data-widget_type=\"button.default\">\n\t\t\t\t<div class=\"elementor-widget-container\">\n\t\t\t\t\t\t\t<div class=\"elementor-button-wrapper\">\n\t\t\t\t\t<a class=\"elementor-button elementor-button-link elementor-size-sm\" href=\"https:\/\/trustmakers-training.ca\/francais\/recherche\/\">\n\t\t\t\t\t\t<span class=\"elementor-button-content-wrapper\">\n\t\t\t\t\t\t\t\t\t<span class=\"elementor-button-text\">Recherche<\/span>\n\t\t\t\t\t<\/span>\n\t\t\t\t\t<\/a>\n\t\t\t\t<\/div>\n\t\t\t\t\t\t<\/div>\n\t\t\t\t<\/div>\n\t\t\t\t<div class=\"elementor-element elementor-element-f71c161 elementor-align-center elementor-widget elementor-widget-button\" data-id=\"f71c161\" data-element_type=\"widget\" data-widget_type=\"button.default\">\n\t\t\t\t<div class=\"elementor-widget-container\">\n\t\t\t\t\t\t\t<div class=\"elementor-button-wrapper\">\n\t\t\t\t\t<a class=\"elementor-button elementor-button-link elementor-size-sm\" href=\"https:\/\/trustmakers-training.ca\/francais\/contact-2\/\">\n\t\t\t\t\t\t<span class=\"elementor-button-content-wrapper\">\n\t\t\t\t\t\t\t\t\t<span class=\"elementor-button-text\">Contactez-nous, obtenez un devis<\/span>\n\t\t\t\t\t<\/span>\n\t\t\t\t\t<\/a>\n\t\t\t\t<\/div>\n\t\t\t\t\t\t<\/div>\n\t\t\t\t<\/div>\n\t\t\t\t<div class=\"elementor-element elementor-element-8d453ed elementor-align-center elementor-widget elementor-widget-button\" data-id=\"8d453ed\" data-element_type=\"widget\" data-widget_type=\"button.default\">\n\t\t\t\t<div class=\"elementor-widget-container\">\n\t\t\t\t\t\t\t<div class=\"elementor-button-wrapper\">\n\t\t\t\t\t<a class=\"elementor-button elementor-button-link elementor-size-sm\" href=\"https:\/\/trustmakers-training.ca\/en\/login\/index.php?lang=fr_ca\">\n\t\t\t\t\t\t<span class=\"elementor-button-content-wrapper\">\n\t\t\t\t\t\t\t\t\t<span class=\"elementor-button-text\">Se connecter<\/span>\n\t\t\t\t\t<\/span>\n\t\t\t\t\t<\/a>\n\t\t\t\t<\/div>\n\t\t\t\t\t\t<\/div>\n\t\t\t\t<\/div>\n\t\t\t\t<div class=\"elementor-element elementor-element-26b078b elementor-align-center elementor-widget elementor-widget-button\" data-id=\"26b078b\" data-element_type=\"widget\" data-widget_type=\"button.default\">\n\t\t\t\t<div class=\"elementor-widget-container\">\n\t\t\t\t\t\t\t<div class=\"elementor-button-wrapper\">\n\t\t\t\t\t<a class=\"elementor-button elementor-button-link elementor-size-sm\" href=\"https:\/\/trustmakers-training.ca\">\n\t\t\t\t\t\t<span class=\"elementor-button-content-wrapper\">\n\t\t\t\t\t\t\t\t\t<span class=\"elementor-button-text\">English<\/span>\n\t\t\t\t\t<\/span>\n\t\t\t\t\t<\/a>\n\t\t\t\t<\/div>\n\t\t\t\t\t\t<\/div>\n\t\t\t\t<\/div>\n\t\t\t\t<div class=\"elementor-element elementor-element-b2dca43 elementor-align-center elementor-widget elementor-widget-button\" data-id=\"b2dca43\" data-element_type=\"widget\" data-widget_type=\"button.default\">\n\t\t\t\t<div class=\"elementor-widget-container\">\n\t\t\t\t\t\t\t<div class=\"elementor-button-wrapper\">\n\t\t\t\t\t<a class=\"elementor-button elementor-button-link elementor-size-sm\" href=\"https:\/\/trustmakers-training.ca\/inuktitut\/\">\n\t\t\t\t\t\t<span class=\"elementor-button-content-wrapper\">\n\t\t\t\t\t\t\t\t\t<span class=\"elementor-button-text\">\u1403\u14c4\u1483\u144e\u1450\u1466<\/span>\n\t\t\t\t\t<\/span>\n\t\t\t\t\t<\/a>\n\t\t\t\t<\/div>\n\t\t\t\t\t\t<\/div>\n\t\t\t\t<\/div>\n\t\t\t\t<div class=\"elementor-element elementor-element-da0d3c9 elementor-widget elementor-widget-text-editor\" data-id=\"da0d3c9\" data-element_type=\"widget\" data-widget_type=\"text-editor.default\">\n\t\t\t\t<div class=\"elementor-widget-container\">\n\t\t\t\t\t\t\t<ul id=\"menu-francais\" class=\"menu\" style=\"margin: 0px; padding: 0px; font-family: 'Open Sans'; font-size: 0px; text-align: center;\">\u00a0<li id=\"menu-item-3782\" class=\"menu-item menu-item-type-custom menu-item-object-custom menu-item-3782\" style=\"list-style-type: none; display: inline-block; position: relative; margin: 0px; padding: 0px; line-height: 14px;\"><a style=\"color: #ffffff; display: inline-block; padding: 20px; background: rgba(0, 0, 0, 0); font-weight: bold; transition: 0.2s ease-out; font-size: 14px;\" href=\"https:\/\/trustmakers-training.ca\/francais\/a-notre-sujet\/reconnaissance-des-territoires\/\">Reconnaissance des territoires<\/a><\/li><\/ul>\t\t\t\t\t\t<\/div>\n\t\t\t\t<\/div>\n\t\t\t\t<\/div>\n\t\t\t\t\t<\/div>\n\t\t\t\t<\/div>\n\t\t<div class=\"elementor-element elementor-element-608d4d1 e-flex e-con-boxed e-con e-parent\" data-id=\"608d4d1\" data-element_type=\"container\">\n\t\t\t\t\t<div class=\"e-con-inner\">\n\t\t\t\t<div class=\"elementor-element elementor-element-ca6457f elementor-widget elementor-widget-heading\" data-id=\"ca6457f\" data-element_type=\"widget\" data-widget_type=\"heading.default\">\n\t\t\t\t<div class=\"elementor-widget-container\">\n\t\t\t<h3 class=\"elementor-heading-title elementor-size-default\">Les programmes de formation des Artisans de la confiance sont con\u00e7us pour vous aider \u00e0 communiquer de fa\u00e7on authentique. Ils vous aident, vous et votre organisation, \u00e0 communiquer clairement et efficacement.\n\n<\/h3>\t\t<\/div>\n\t\t\t\t<\/div>\n\t\t\t\t<div class=\"elementor-element elementor-element-e7d266c elementor-widget elementor-widget-text-editor\" data-id=\"e7d266c\" data-element_type=\"widget\" data-widget_type=\"text-editor.default\">\n\t\t\t\t<div class=\"elementor-widget-container\">\n\t\t\t\t\t\t\t<p style=\"text-align: center;\"><span style=\"font-size: 16px;\"><strong><a href=\"https:\/\/trustmakers-training.ca\/Images-Videos\/Catalogue des cours - Artisans de la confiance (Jan2025).pdf\" target=\"_blank\" rel=\"noreferrer noopener nofollow\">Catalogue des cours (Fran\u00e7ais) \u2013 PDF<\/a><\/strong><\/span><\/p><hr class=\"wp-block-separator has-alpha-channel-opacity\" \/><p class=\"has-text-align-center has-text-color has-link-color has-small-font-size wp-elements-eac17b2a7b30f6eeb53d830765602a7b\" style=\"text-align: center;\"><span style=\"font-size: 16px;\"><strong><a href=\"https:\/\/trustmakers-training.ca\/Images-Videos\/Course%20Catalogue%20-%20Trustmakers%20-%20(Jan2025).pdf\" target=\"_blank\" rel=\"noreferrer noopener nofollow\">Course catalogue (English) \u2013 PDF<\/a><\/strong><\/span><\/p>\t\t\t\t\t\t<\/div>\n\t\t\t\t<\/div>\n\t\t\t\t<div class=\"elementor-element elementor-element-96ca793 elementor-widget elementor-widget-spacer\" data-id=\"96ca793\" data-element_type=\"widget\" data-widget_type=\"spacer.default\">\n\t\t\t\t<div class=\"elementor-widget-container\">\n\t\t\t\t\t<div class=\"elementor-spacer\">\n\t\t\t<div class=\"elementor-spacer-inner\"><\/div>\n\t\t<\/div>\n\t\t\t\t<\/div>\n\t\t\t\t<\/div>\n\t\t\t\t<div class=\"elementor-element elementor-element-d3fc991 elementor-widget elementor-widget-heading\" data-id=\"d3fc991\" data-element_type=\"widget\" data-widget_type=\"heading.default\">\n\t\t\t\t<div class=\"elementor-widget-container\">\n\t\t\t<h2 class=\"elementor-heading-title elementor-size-default\"><b><span lang=\"FR-CA\" style=\"font-size: 18pt;line-height: 107%;font-family: Calibri, sans-serif;text-transform: uppercase\">A. Formation pour les porte-parole<\/span><\/b><\/h2>\t\t<\/div>\n\t\t\t\t<\/div>\n\t\t\t\t\t<\/div>\n\t\t\t\t<\/div>\n\t\t<div class=\"elementor-element elementor-element-18aadcf e-grid e-con-boxed e-con e-parent\" data-id=\"18aadcf\" data-element_type=\"container\">\n\t\t\t\t\t<div class=\"e-con-inner\">\n\t\t\t\t<div class=\"elementor-element elementor-element-3ba56a3 elementor-widget elementor-widget-image\" data-id=\"3ba56a3\" data-element_type=\"widget\" data-widget_type=\"image.default\">\n\t\t\t\t<div class=\"elementor-widget-container\">\n\t\t\t\t\t\t\t\t\t\t<figure class=\"wp-caption\">\n\t\t\t\t\t\t\t\t\t\t\t<a href=\"https:\/\/trustmakers-training.ca\/francais\/cours\/relations-avec-les-medias\/\">\n\t\t\t\t\t\t\t<img decoding=\"async\" width=\"150\" height=\"150\" src=\"https:\/\/trustmakers-training.ca\/francais\/wp-content\/uploads\/2024\/09\/MediaTraining-150x150.png\" class=\"attachment-thumbnail size-thumbnail wp-image-925\" alt=\"\" srcset=\"https:\/\/trustmakers-training.ca\/francais\/wp-content\/uploads\/2024\/09\/MediaTraining-150x150.png 150w, https:\/\/trustmakers-training.ca\/francais\/wp-content\/uploads\/2024\/09\/MediaTraining.png 300w\" sizes=\"(max-width: 150px) 100vw, 150px\" \/>\t\t\t\t\t\t\t\t<\/a>\n\t\t\t\t\t\t\t\t\t\t\t<figcaption class=\"widget-image-caption wp-caption-text\">Formation en relations m\u00e9dias et en communications <\/figcaption>\n\t\t\t\t\t\t\t\t\t\t<\/figure>\n\t\t\t\t\t\t\t<\/div>\n\t\t\t\t<\/div>\n\t\t\t\t<div class=\"elementor-element elementor-element-a27cdc6 elementor-widget elementor-widget-image\" data-id=\"a27cdc6\" data-element_type=\"widget\" data-widget_type=\"image.default\">\n\t\t\t\t<div class=\"elementor-widget-container\">\n\t\t\t\t\t\t\t\t\t\t<figure class=\"wp-caption\">\n\t\t\t\t\t\t\t\t\t\t\t<a href=\"https:\/\/trustmakers-training.ca\/francais\/cours\/arts-oratoires-et-presentations\/\">\n\t\t\t\t\t\t\t<img decoding=\"async\" width=\"150\" height=\"150\" src=\"https:\/\/trustmakers-training.ca\/francais\/wp-content\/uploads\/2024\/09\/coursebadges2022-150x150.png\" class=\"attachment-thumbnail size-thumbnail wp-image-1052\" alt=\"\" \/>\t\t\t\t\t\t\t\t<\/a>\n\t\t\t\t\t\t\t\t\t\t\t<figcaption class=\"widget-image-caption wp-caption-text\">Arts oratoires et pr\u00e9sentations<\/figcaption>\n\t\t\t\t\t\t\t\t\t\t<\/figure>\n\t\t\t\t\t\t\t<\/div>\n\t\t\t\t<\/div>\n\t\t\t\t<div class=\"elementor-element elementor-element-f828a73 elementor-widget elementor-widget-image\" data-id=\"f828a73\" data-element_type=\"widget\" data-widget_type=\"image.default\">\n\t\t\t\t<div class=\"elementor-widget-container\">\n\t\t\t\t\t\t\t\t\t\t<figure class=\"wp-caption\">\n\t\t\t\t\t\t\t\t\t\t\t<a href=\"https:\/\/trustmakers-training.ca\/francais\/cours\/comparutions-devant-des-comites-parlementaires\/\">\n\t\t\t\t\t\t\t<img loading=\"lazy\" decoding=\"async\" width=\"150\" height=\"150\" src=\"https:\/\/trustmakers-training.ca\/francais\/wp-content\/uploads\/2024\/09\/peaceTower-196-150x150.png\" class=\"attachment-thumbnail size-thumbnail wp-image-3041\" alt=\"\" srcset=\"https:\/\/trustmakers-training.ca\/francais\/wp-content\/uploads\/2024\/09\/peaceTower-196-150x150.png 150w, https:\/\/trustmakers-training.ca\/francais\/wp-content\/uploads\/2024\/09\/peaceTower-196.png 196w\" sizes=\"(max-width: 150px) 100vw, 150px\" \/>\t\t\t\t\t\t\t\t<\/a>\n\t\t\t\t\t\t\t\t\t\t\t<figcaption class=\"widget-image-caption wp-caption-text\">Comparutions devant des comit\u00e9s parlementaires<\/figcaption>\n\t\t\t\t\t\t\t\t\t\t<\/figure>\n\t\t\t\t\t\t\t<\/div>\n\t\t\t\t<\/div>\n\t\t\t\t<div class=\"elementor-element elementor-element-377b50a elementor-widget elementor-widget-image\" data-id=\"377b50a\" data-element_type=\"widget\" data-widget_type=\"image.default\">\n\t\t\t\t<div class=\"elementor-widget-container\">\n\t\t\t\t\t\t\t\t\t\t<figure class=\"wp-caption\">\n\t\t\t\t\t\t\t\t\t\t\t<a href=\"https:\/\/trustmakers-training.ca\/francais\/cours\/construire-et-en-presenter-vos-idees\/\">\n\t\t\t\t\t\t\t<img loading=\"lazy\" decoding=\"async\" width=\"150\" height=\"150\" src=\"https:\/\/trustmakers-training.ca\/francais\/wp-content\/uploads\/2024\/12\/EPI-150x150.png\" class=\"attachment-thumbnail size-thumbnail wp-image-3812\" alt=\"\" srcset=\"https:\/\/trustmakers-training.ca\/francais\/wp-content\/uploads\/2024\/12\/EPI-150x150.png 150w, https:\/\/trustmakers-training.ca\/francais\/wp-content\/uploads\/2024\/12\/EPI.png 300w\" sizes=\"(max-width: 150px) 100vw, 150px\" \/>\t\t\t\t\t\t\t\t<\/a>\n\t\t\t\t\t\t\t\t\t\t\t<figcaption class=\"widget-image-caption wp-caption-text\">Construire et en pr\u00e9senter vos id\u00e9es de d\u00e9veloppement d\u2019affaires<\/figcaption>\n\t\t\t\t\t\t\t\t\t\t<\/figure>\n\t\t\t\t\t\t\t<\/div>\n\t\t\t\t<\/div>\n\t\t\t\t<div class=\"elementor-element elementor-element-7daf6e2 elementor-widget elementor-widget-spacer\" data-id=\"7daf6e2\" data-element_type=\"widget\" data-widget_type=\"spacer.default\">\n\t\t\t\t<div class=\"elementor-widget-container\">\n\t\t\t\t\t<div class=\"elementor-spacer\">\n\t\t\t<div class=\"elementor-spacer-inner\"><\/div>\n\t\t<\/div>\n\t\t\t\t<\/div>\n\t\t\t\t<\/div>\n\t\t\t\t\t<\/div>\n\t\t\t\t<\/div>\n\t\t<div class=\"elementor-element elementor-element-4160e7e e-flex e-con-boxed e-con e-parent\" data-id=\"4160e7e\" data-element_type=\"container\">\n\t\t\t\t\t<div class=\"e-con-inner\">\n\t\t\t\t<div class=\"elementor-element elementor-element-4c0aae6 elementor-widget elementor-widget-heading\" data-id=\"4c0aae6\" data-element_type=\"widget\" data-widget_type=\"heading.default\">\n\t\t\t\t<div class=\"elementor-widget-container\">\n\t\t\t<h2 class=\"elementor-heading-title elementor-size-default\"><b><span lang=\"FR-CA\" style=\"font-size: 18pt;line-height: 107%;font-family: Calibri, sans-serif\">B. <span style=\"text-transform:uppercase\">Communication interne et d\u2019entreprise<\/span><\/span><\/b><\/h2>\t\t<\/div>\n\t\t\t\t<\/div>\n\t\t<div class=\"elementor-element elementor-element-7a59743 e-grid e-con-full e-con e-child\" data-id=\"7a59743\" data-element_type=\"container\">\n\t\t\t\t<div class=\"elementor-element elementor-element-74cc450 elementor-widget elementor-widget-image\" data-id=\"74cc450\" data-element_type=\"widget\" data-widget_type=\"image.default\">\n\t\t\t\t<div class=\"elementor-widget-container\">\n\t\t\t\t\t\t\t\t\t\t<figure class=\"wp-caption\">\n\t\t\t\t\t\t\t\t\t\t\t<a href=\"https:\/\/trustmakers-training.ca\/francais\/cours\/communications-strategiques\/\">\n\t\t\t\t\t\t\t<img loading=\"lazy\" decoding=\"async\" width=\"150\" height=\"150\" src=\"https:\/\/trustmakers-training.ca\/francais\/wp-content\/uploads\/2024\/09\/StratComm-150x150.png\" class=\"attachment-thumbnail size-thumbnail wp-image-3069\" alt=\"\" srcset=\"https:\/\/trustmakers-training.ca\/francais\/wp-content\/uploads\/2024\/09\/StratComm-150x150.png 150w, https:\/\/trustmakers-training.ca\/francais\/wp-content\/uploads\/2024\/09\/StratComm.png 300w\" sizes=\"(max-width: 150px) 100vw, 150px\" \/>\t\t\t\t\t\t\t\t<\/a>\n\t\t\t\t\t\t\t\t\t\t\t<figcaption class=\"widget-image-caption wp-caption-text\">Communications Strat\u00e9giques<\/figcaption>\n\t\t\t\t\t\t\t\t\t\t<\/figure>\n\t\t\t\t\t\t\t<\/div>\n\t\t\t\t<\/div>\n\t\t\t\t<div class=\"elementor-element elementor-element-78becba elementor-widget elementor-widget-image\" data-id=\"78becba\" data-element_type=\"widget\" data-widget_type=\"image.default\">\n\t\t\t\t<div class=\"elementor-widget-container\">\n\t\t\t\t\t\t\t\t\t\t<figure class=\"wp-caption\">\n\t\t\t\t\t\t\t\t\t\t\t<a href=\"https:\/\/trustmakers-training.ca\/francais\/cours\/gestion-des-enjeux-communications-en-temps-de-crise\/\">\n\t\t\t\t\t\t\t<img loading=\"lazy\" decoding=\"async\" width=\"150\" height=\"150\" src=\"https:\/\/trustmakers-training.ca\/francais\/wp-content\/uploads\/2024\/09\/issuemanagement-196-150x150.png\" class=\"attachment-thumbnail size-thumbnail wp-image-3037\" alt=\"\" srcset=\"https:\/\/trustmakers-training.ca\/francais\/wp-content\/uploads\/2024\/09\/issuemanagement-196-150x150.png 150w, https:\/\/trustmakers-training.ca\/francais\/wp-content\/uploads\/2024\/09\/issuemanagement-196.png 196w\" sizes=\"(max-width: 150px) 100vw, 150px\" \/>\t\t\t\t\t\t\t\t<\/a>\n\t\t\t\t\t\t\t\t\t\t\t<figcaption class=\"widget-image-caption wp-caption-text\">Gestion des enjeux \/ Commnuications en temps de crise<\/figcaption>\n\t\t\t\t\t\t\t\t\t\t<\/figure>\n\t\t\t\t\t\t\t<\/div>\n\t\t\t\t<\/div>\n\t\t\t\t<div class=\"elementor-element elementor-element-694ed95 elementor-widget elementor-widget-spacer\" data-id=\"694ed95\" data-element_type=\"widget\" data-widget_type=\"spacer.default\">\n\t\t\t\t<div class=\"elementor-widget-container\">\n\t\t\t\t\t<div class=\"elementor-spacer\">\n\t\t\t<div class=\"elementor-spacer-inner\"><\/div>\n\t\t<\/div>\n\t\t\t\t<\/div>\n\t\t\t\t<\/div>\n\t\t\t\t<\/div>\n\t\t\t\t\t<\/div>\n\t\t\t\t<\/div>\n\t\t<div class=\"elementor-element elementor-element-d1b631f e-flex e-con-boxed e-con e-parent\" data-id=\"d1b631f\" data-element_type=\"container\" data-settings=\"{&quot;background_background&quot;:&quot;classic&quot;}\">\n\t\t\t\t\t<div class=\"e-con-inner\">\n\t\t\t\t<div class=\"elementor-element elementor-element-9715bda elementor-widget elementor-widget-text-editor\" data-id=\"9715bda\" data-element_type=\"widget\" data-widget_type=\"text-editor.default\">\n\t\t\t\t<div class=\"elementor-widget-container\">\n\t\t\t\t\t\t\t<p>Une division de Rutherford McKay Associates Inc.<br \/>CP 46034 GOUCESTER RPO BEACON HILL<br \/>Ottawa ON Canada K1J 9M7<br \/>info@artisansdelaconfiance.ca &#8211; ARTISANSDELACONFIANCE.ca<br \/>(613) 699-2007<\/p><p>____________<\/p><div>A Division of Rutherford McKay Associates Inc.<strong><u><br \/><\/u><\/strong>PO Box 46034 GLOUCESTER RPO BEACON HILL<\/div><div>Ottawa ON Canada K1J 9M7<\/div><div>connect@trustmakers.ca\u00a0&#8211; TRUSTMAKERS.ca<\/div><div>613-699-2007<\/div><p>Copyright \u00a9 Rutherford McKay Associates Inc. 2024<\/p>\t\t\t\t\t\t<\/div>\n\t\t\t\t<\/div>\n\t\t\t\t\t<\/div>\n\t\t\t\t<\/div>\n\t\t\t\t<\/div>\n\t\t","protected":false},"excerpt":{"rendered":"<p>Accueil \u00c0 notre sujet Cours Services Recherche Contactez-nous, obtenez un devis Se connecter English \u1403\u14c4\u1483\u144e\u1450\u1466 \u00a0 Reconnaissance des territoires Les programmes de formation des Artisans de la confiance sont con\u00e7us pour vous aider \u00e0 communiquer de fa\u00e7on authentique. Ils vous aident, vous et votre organisation, \u00e0 communiquer clairement et efficacement. Catalogue des cours (Fran\u00e7ais) \u2013<br \/><a class=\"moretag\" href=\"https:\/\/trustmakers-training.ca\/francais\/cours\/\">+ En savoir plus<\/a><\/p>\n","protected":false},"author":1,"featured_media":0,"parent":0,"menu_order":0,"comment_status":"closed","ping_status":"closed","template":"elementor_canvas","meta":{"footnotes":""},"class_list":["post-3286","page","type-page","status-publish","hentry"],"_links":{"self":[{"href":"https:\/\/trustmakers-training.ca\/francais\/wp-json\/wp\/v2\/pages\/3286","targetHints":{"allow":["GET"]}}],"collection":[{"href":"https:\/\/trustmakers-training.ca\/francais\/wp-json\/wp\/v2\/pages"}],"about":[{"href":"https:\/\/trustmakers-training.ca\/francais\/wp-json\/wp\/v2\/types\/page"}],"author":[{"embeddable":true,"href":"https:\/\/trustmakers-training.ca\/francais\/wp-json\/wp\/v2\/users\/1"}],"replies":[{"embeddable":true,"href":"https:\/\/trustmakers-training.ca\/francais\/wp-json\/wp\/v2\/comments?post=3286"}],"version-history":[{"count":159,"href":"https:\/\/trustmakers-training.ca\/francais\/wp-json\/wp\/v2\/pages\/3286\/revisions"}],"predecessor-version":[{"id":4264,"href":"https:\/\/trustmakers-training.ca\/francais\/wp-json\/wp\/v2\/pages\/3286\/revisions\/4264"}],"wp:attachment":[{"href":"https:\/\/trustmakers-training.ca\/francais\/wp-json\/wp\/v2\/media?parent=3286"}],"curies":[{"name":"wp","href":"https:\/\/api.w.org\/{rel}","templated":true}]}}