{"id":3260,"date":"2020-04-15T20:39:22","date_gmt":"2020-04-15T20:39:22","guid":{"rendered":"http:\/\/rmassociates.ca\/fr\/?page_id=55"},"modified":"2024-12-23T13:47:15","modified_gmt":"2024-12-23T13:47:15","slug":"relations-avec-les-medias","status":"publish","type":"page","link":"https:\/\/trustmakers-training.ca\/francais\/cours\/relations-avec-les-medias\/","title":{"rendered":""},"content":{"rendered":"<div class=\"wp-block-image\">\n<figure class=\"aligncenter size-full is-resized\"><img fetchpriority=\"high\" decoding=\"async\" width=\"300\" height=\"300\" src=\"https:\/\/trustmakers-training.ca\/francais\/wp-content\/uploads\/2024\/09\/MediaTraining.png\" alt=\"\" class=\"wp-image-925\" style=\"width:168px;height:auto\" srcset=\"https:\/\/trustmakers-training.ca\/francais\/wp-content\/uploads\/2024\/09\/MediaTraining.png 300w, https:\/\/trustmakers-training.ca\/francais\/wp-content\/uploads\/2024\/09\/MediaTraining-150x150.png 150w\" sizes=\"(max-width: 300px) 100vw, 300px\" \/><\/figure>\n<\/div>\n\n\n<h2 class=\"wp-block-heading has-text-align-center has-text-color has-link-color wp-elements-e21532ee5d2f4f958de61cc8d14be7ec\" style=\"color:#004562\">Formation 1 pour les porte-parole : Formation en relations m\u00e9dias et en communications<\/h2>\n\n\n\n<div class=\"wp-block-group is-nowrap is-layout-flex wp-container-core-group-is-layout-ad2f72ca wp-block-group-is-layout-flex\">\n<h3 class=\"wp-block-heading has-text-align-center has-text-color has-link-color wp-elements-4db8b7949b0b01448e1c16a69ec41f8a\" style=\"color:#00abca\"><em>La formation pour porte-parole vous aidera \u00e0 respecter vos obligations et vos responsabilit\u00e9s sans recourir \u00e0 l\u2019\u00e9vitement et au brouillage.&nbsp; Elle vous aidera \u00e0 \u00eatre clair et authentique, et inspirer la confiance.<\/em><\/h3>\n<\/div>\n\n\n\n<h3 class=\"wp-block-heading has-text-color has-link-color wp-elements-14312d4c571a593e4775dfe1f6bd1e84\" style=\"color:#004562\"><a>Aper\u00e7u<\/a><\/h3>\n\n\n\n<p><strong><em>Soyez authentique devant les cam\u00e9ras ou sous les projecteurs<\/em><\/strong><\/p>\n\n\n\n<p>La formation pour porte-parole est ax\u00e9e sur des conseils et des exercices pratiques con\u00e7us autour des d\u00e9fis r\u00e9els auxquels votre organisation est confront\u00e9e chaque jour. Elle changera votre fa\u00e7on de communiquez avec les m\u00e9dias et les publics que vous devez atteindre.<\/p>\n\n\n\n<p>Nos cours de formation m\u00e9dias sont bas\u00e9s sur notre d\u00e9finition d\u2019un porte-parole efficace : En utilisant un langage simple &#8211; le\/la porte-parole livre un message &#8211; tout en traitant directement la question.<\/p>\n\n\n\n<p>Nous ne souscrivons pas au mod\u00e8le de \u00ab coaching de performance \u00bb. Au contraire, nous vous aidons \u00e0 \u00eatre \u00e0 l\u2019aise et efficace sans avoir l\u2019impression que vous devez \u00eatre quelque chose que vous n\u2019\u00eates pas ou \u00ab monter un spectacle \u00bb.<\/p>\n\n\n\n<div class=\"wp-block-columns is-layout-flex wp-container-core-columns-is-layout-9d6595d7 wp-block-columns-is-layout-flex\">\n<div class=\"wp-block-column is-layout-flow wp-block-column-is-layout-flow\">\n<p>Le contenu comprend g\u00e9n\u00e9ralement les \u00e9l\u00e9ments suivants :<\/p>\n\n\n\n<ul class=\"wp-block-list\">\n<li>le r\u00f4le du porte-parole (y compris \u00ab le code de la route \u00bb)&nbsp;;<\/li>\n\n\n\n<li>la n\u00e9cessit\u00e9 d\u2019utiliser un langage simple, en particulier pour les sujets complexes ou techniques&nbsp;;<\/li>\n\n\n\n<li>les \u00e9l\u00e9ments d\u2019un message, et comment les pr\u00e9parer et les transmettre efficacement sans sacrifier l\u2019authenticit\u00e9 et l\u2019exactitude&nbsp;;<\/li>\n\n\n\n<li>rester calme, d\u00e9tendu et cr\u00e9dible ;<\/li>\n\n\n\n<li>traiter des questions critiques, complexes ou d\u00e9licates&nbsp;;<\/li>\n\n\n\n<li>la pr\u00e9paration d\u2019une entrevue et l\u2019anticipation des questions&nbsp;;<\/li>\n\n\n\n<li>traiter des questions confuses, difficiles et auxquelles il est impossible de r\u00e9pondre&nbsp;; et<\/li>\n\n\n\n<li>la gestion d\u2019intervieweurs agressifs.<\/li>\n<\/ul>\n<\/div>\n\n\n\n<div class=\"wp-block-column is-layout-flow wp-block-column-is-layout-flow\">\n<figure class=\"wp-block-image size-large\"><img decoding=\"async\" width=\"1024\" height=\"476\" src=\"https:\/\/trustmakers-training.ca\/francais\/wp-content\/uploads\/2024\/09\/Studiocr-1024x476.jpg\" alt=\"\" class=\"wp-image-3584\" srcset=\"https:\/\/trustmakers-training.ca\/francais\/wp-content\/uploads\/2024\/09\/Studiocr-1024x476.jpg 1024w, https:\/\/trustmakers-training.ca\/francais\/wp-content\/uploads\/2024\/09\/Studiocr-300x140.jpg 300w, https:\/\/trustmakers-training.ca\/francais\/wp-content\/uploads\/2024\/09\/Studiocr-768x357.jpg 768w, https:\/\/trustmakers-training.ca\/francais\/wp-content\/uploads\/2024\/09\/Studiocr.jpg 1260w\" sizes=\"(max-width: 1024px) 100vw, 1024px\" \/><\/figure>\n\n\n\n<p class=\"has-text-align-center\"><em>Le volet vid\u00e9oconf\u00e9rence en direct se d\u00e9roule \u00e0 partir de notre studio \u00e0 Ottawa. Les s\u00e9ances sont interactives, engageantes et produites par des professionnels.<\/em><\/p>\n<\/div>\n\n\n\n<div class=\"wp-block-column is-layout-flow wp-block-column-is-layout-flow\">\n<p class=\"has-text-align-center has-text-color has-link-color has-small-font-size wp-elements-7eac9b1e96994540ffae5ff8fe9fbea9\" style=\"color:#004562\"><strong><a href=\"https:\/\/trustmakers-training.ca\/Images-Videos\/Catalogue des cours - Artisans de la confiance (Jan2025).pdf\" target=\"_blank\" rel=\"noreferrer noopener nofollow\">Catalogue des cours (Fran\u00e7ais) &#8211; PDF<\/a><\/strong><\/p>\n\n\n\n<p class=\"has-text-align-center has-text-color has-link-color has-small-font-size wp-elements-48c0f2fe6027f0b65225af46f297464b\" style=\"color:#004562\"><strong><a href=\"https:\/\/trustmakers-training.ca\/Images-Videos\/AC-Porte parole 1-Formation en relations m\u00e9dias et en communications.pdf\" target=\"_blank\" rel=\"noreferrer noopener nofollow\">Fiche d&rsquo;information &#8211; Formation en relations m\u00e9dias et en communications &#8211; PDF<\/a><\/strong><\/p>\n\n\n\n<hr class=\"wp-block-separator has-alpha-channel-opacity\"\/>\n\n\n\n<p class=\"has-text-align-center has-text-color has-link-color has-small-font-size wp-elements-eac17b2a7b30f6eeb53d830765602a7b\" style=\"color:#004562\"><strong><a href=\"https:\/\/trustmakers-training.ca\/Images-Videos\/Course%20Catalogue%20-%20Trustmakers%20-%20(Jan2025).pdf\" target=\"_blank\" rel=\"noreferrer noopener nofollow\">Course catalogue (English) &#8211; PDF<\/a><\/strong><\/p>\n\n\n\n<p class=\"has-text-align-center has-text-color has-link-color has-small-font-size wp-elements-3088b0f75c86d7f91ae173b90c3025e8\" style=\"color:#004562\"><strong><a href=\"https:\/\/trustmakers-training.ca\/Images-Videos\/TM-Spokesperson Training 1 - Media and Public.pdf\" target=\"_blank\" rel=\"noreferrer noopener nofollow\">Information sheet &#8211; Media &amp; Communications Training &#8211; PDF<\/a><\/strong><\/p>\n\n\n\n<div style=\"height:25px\" aria-hidden=\"true\" class=\"wp-block-spacer\"><\/div>\n\n\n\n<div class=\"wp-block-buttons is-content-justification-center is-layout-flex wp-container-core-buttons-is-layout-16018d1d wp-block-buttons-is-layout-flex\">\n<div class=\"wp-block-button\"><a class=\"wp-block-button__link has-white-color has-text-color has-background has-link-color wp-element-button\" href=\"https:\/\/trustmakers-training.ca\/francais\/contact-2\/\" style=\"background-color:#00abca\"><strong>Contactez-nous, obtenez un devis<\/strong><\/a><\/div>\n<\/div>\n<\/div>\n<\/div>\n\n\n\n<div class=\"wp-block-columns is-layout-flex wp-container-core-columns-is-layout-9d6595d7 wp-block-columns-is-layout-flex\">\n<div class=\"wp-block-column is-layout-flow wp-block-column-is-layout-flow\">\n<h3 class=\"wp-block-heading has-text-color has-link-color wp-elements-6d0c767f5af86e72c9160942d41135ed\" style=\"color:#004562\">\u00c0 qui s&rsquo;adresse cette formation ?<\/h3>\n\n\n\n<p>Cadres sup\u00e9rieurs, experts et communicateurs qui repr\u00e9sentent l\u2019organisation, ou qui soutiennent quelqu&rsquo;un d&rsquo;autre dans leur r\u00f4le de porte-parole \u2013 soit avec les m\u00e9dias ou d&rsquo;autres publics. Cela peut profiter \u00e0 tout le monde, m\u00eame \u00e0 ceux qui ne traitent pas directement avec les m\u00e9dias. Il est particuli\u00e8rement utile pour les personnes qui doivent communiquer des informations compliqu\u00e9es \u00e0 des publics externes et internes non experts.<\/p>\n\n\n\n<h3 class=\"wp-block-heading has-text-color has-link-color wp-elements-74d2c1ee1edcf6500a2b63d3159a1547\" style=\"color:#004562\">Pourquoi suivre cette formation ?<\/h3>\n\n\n\n<p>Ce cours vous aidera \u00e0 \u00eatre meilleur communicateur. Vous serez mieux en mesure d&rsquo;expliquer des informations compliqu\u00e9es \u00e0 un public non expert, y compris les m\u00e9dias. Cela vous aidera \u00e0 faire passer vos id\u00e9es et \u00e0 \u00eatre ouvert et r\u00e9actif tout en restant dans vos limites.<\/p>\n\n\n\n<div style=\"height:25px\" aria-hidden=\"true\" class=\"wp-block-spacer\"><\/div>\n\n\n\n<p class=\"has-text-color has-link-color wp-elements-39206da478dcc43bb5ecea73c973985b\" style=\"color:#004562\"><strong>Artisans de la confiance, une division de Rutherford McKay Associates Inc., est l\u2019une des entreprises de formation en relations avec les m\u00e9dias et en communication les plus renomm\u00e9es du Canada. &nbsp; Depuis l\u2019an 2000, nous avons offert des centaines de cours \u00e0 des milliers de participants dans tous les domaines partout au Canada et aux \u00c9tats Unis.<\/strong><\/p>\n<\/div>\n\n\n\n<div class=\"wp-block-column is-layout-flow wp-block-column-is-layout-flow\">\n<h3 class=\"wp-block-heading has-text-color has-link-color wp-elements-e1109aa1b4a8b3a1262d8a1af1ad0f7d\" style=\"color:#004562\">\u00c0 quoi s&rsquo;attendre<\/h3>\n\n\n\n<p class=\"has-text-color has-link-color wp-elements-07868852be57e0edc52ff92aa93f00da\" style=\"color:#00abca\"><strong>A. Renseignements pr\u00e9-session<\/strong><\/p>\n\n\n\n<p>En d\u00e9but de programme, le participant remplit un formulaire d\u2019une page d\u00e9crivant son exp\u00e9rience en mati\u00e8re de relations avec les m\u00e9dias. Le formulaire demande \u00e9galement d\u2019identifier un sujet ou une question qui constituerait la base des entrevues de pratique au cours de la composante en direct de la formation.<\/p>\n\n\n\n<p class=\"has-text-color has-link-color wp-elements-a22fd23fcb00561cdeb7111a9a396c2d\" style=\"color:#00abca\"><strong>B. Modules pr\u00e9paratoires<\/strong><\/p>\n\n\n\n<p>Dans les jours pr\u00e9c\u00e9dant la session en direct, le participant compl\u00e8te les modules d\u2019apprentissage sur la plate-forme en ligne. Les modules en ligne se composent de vid\u00e9os, lectures, t\u00e9l\u00e9chargements et exercices automatis\u00e9s. Au total, les modules prennent normalement 45 minutes ou moins \u00e0 compl\u00e9ter.<\/p>\n\n\n\n<p class=\"has-text-color has-link-color wp-elements-52aef6119dbc4fc3fec27a76833d0177\" style=\"color:#00abca\"><strong>C. Session de formation en direct<\/strong><\/p>\n\n\n\n<p>Au cours de la session en direct, vous \u00e9laborerez des messages et aurez deux entretiens de pratique enregistr\u00e9s qui seront examin\u00e9s et critiqu\u00e9s de mani\u00e8re constructive. Il ne s&rsquo;agit pas d&rsquo;entretiens stressants. On vous posera des questions simples sur votre sujet qui vous aideront \u00e0 mettre en pratique les techniques et les approches apprises pendant le cours. La session en direct dure entre 3,5 et 4 heures.<\/p>\n<\/div>\n<\/div>\n","protected":false},"excerpt":{"rendered":"<p>Formation 1 pour les porte-parole : Formation en relations m\u00e9dias et en communications La formation pour porte-parole vous aidera \u00e0 respecter vos obligations et vos responsabilit\u00e9s sans recourir \u00e0 l\u2019\u00e9vitement et au brouillage.&nbsp; Elle vous aidera \u00e0 \u00eatre clair et authentique, et inspirer la confiance. Aper\u00e7u Soyez authentique devant les cam\u00e9ras ou sous les projecteurs<br \/><a class=\"moretag\" href=\"https:\/\/trustmakers-training.ca\/francais\/cours\/relations-avec-les-medias\/\">+ En savoir plus<\/a><\/p>\n","protected":false},"author":1,"featured_media":0,"parent":3286,"menu_order":0,"comment_status":"closed","ping_status":"closed","template":"template_parts\/page-fullwidth_template.php","meta":{"footnotes":""},"class_list":["post-3260","page","type-page","status-publish","hentry"],"_links":{"self":[{"href":"https:\/\/trustmakers-training.ca\/francais\/wp-json\/wp\/v2\/pages\/3260","targetHints":{"allow":["GET"]}}],"collection":[{"href":"https:\/\/trustmakers-training.ca\/francais\/wp-json\/wp\/v2\/pages"}],"about":[{"href":"https:\/\/trustmakers-training.ca\/francais\/wp-json\/wp\/v2\/types\/page"}],"author":[{"embeddable":true,"href":"https:\/\/trustmakers-training.ca\/francais\/wp-json\/wp\/v2\/users\/1"}],"replies":[{"embeddable":true,"href":"https:\/\/trustmakers-training.ca\/francais\/wp-json\/wp\/v2\/comments?post=3260"}],"version-history":[{"count":12,"href":"https:\/\/trustmakers-training.ca\/francais\/wp-json\/wp\/v2\/pages\/3260\/revisions"}],"predecessor-version":[{"id":3837,"href":"https:\/\/trustmakers-training.ca\/francais\/wp-json\/wp\/v2\/pages\/3260\/revisions\/3837"}],"up":[{"embeddable":true,"href":"https:\/\/trustmakers-training.ca\/francais\/wp-json\/wp\/v2\/pages\/3286"}],"wp:attachment":[{"href":"https:\/\/trustmakers-training.ca\/francais\/wp-json\/wp\/v2\/media?parent=3260"}],"curies":[{"name":"wp","href":"https:\/\/api.w.org\/{rel}","templated":true}]}}